{"id":4702,"date":"2022-05-26T12:00:29","date_gmt":"2022-05-26T10:00:29","guid":{"rendered":"https:\/\/www.islandwalking.com\/wordpress\/?page_id=4702"},"modified":"2026-02-17T17:59:51","modified_gmt":"2026-02-17T16:59:51","slug":"angistri","status":"publish","type":"page","link":"https:\/\/www.islandwalking.com\/wordpress\/greek-islands\/angistri\/","title":{"rendered":"Angistri"},"content":{"rendered":"<h1 style=\"font-family: Courier New Bold, Courier, monospace;\" align=\"center\">\u0391\u03b3\u03ba\u03af\u03c3\u03c4\u03c1\u03b9 &#8211; Argo-Saronic<\/h1>\n<div style=\"font-family: Courier New Bold, Courier, monospace;\">\n<p><span style=\"font-size: 24pt;\">A<\/span>ngistri is a very small and laid-back island close to <a href=\"https:\/\/www.islandwalking.com\/wordpress\/greek-islands\/aegina\/\">Aegina<\/a> (10 mins by hydrofoil), that at least out of high season is extremely peaceful. It is green and pleasant in every way. The island is crisscrossed by tracks that make some easy walks. In addition I was also able to find a few marked paths. Food and drink is generally excellent, establishments are not particularly up-market, but this is way more genuine.<\/p>\n<p><b>Selected walks:<\/b> For walks on Angistri just use Google Maps to navigate its tracks. Could not be easier&#8230;<\/p>\n<p><a href=\"https:\/\/www.islandwalking.com\/wordpress\/wp-content\/uploads\/2022\/05\/20220514_113033-scaled.jpg\"><img loading=\"lazy\" decoding=\"async\" class=\"aligncenter wp-image-4720 size-medium\" src=\"https:\/\/www.islandwalking.com\/wordpress\/wp-content\/uploads\/2022\/05\/20220514_113033-300x225.jpg\" alt=\"\" width=\"300\" height=\"225\" srcset=\"https:\/\/www.islandwalking.com\/wordpress\/wp-content\/uploads\/2022\/05\/20220514_113033-300x225.jpg 300w, https:\/\/www.islandwalking.com\/wordpress\/wp-content\/uploads\/2022\/05\/20220514_113033-1024x768.jpg 1024w, https:\/\/www.islandwalking.com\/wordpress\/wp-content\/uploads\/2022\/05\/20220514_113033-768x576.jpg 768w, https:\/\/www.islandwalking.com\/wordpress\/wp-content\/uploads\/2022\/05\/20220514_113033-1536x1152.jpg 1536w, https:\/\/www.islandwalking.com\/wordpress\/wp-content\/uploads\/2022\/05\/20220514_113033-2048x1536.jpg 2048w\" sizes=\"auto, (max-width: 300px) 100vw, 300px\" \/><\/a><\/p>\n<p><span style=\"font-size: 24pt;\">\u20221\u00a0<\/span>MEGALOCHORI &#8211; LIMENARIA (1:48; 10693 steps; 8.6km; alt. gain 230m; alt. loss 219m): From the outskirts of Megaloch\u00f3ri take the winding tracks over the hill(s) instead of continuing on the main road. This way Limen\u00e1ria is twice the distance&#8230; Make sure to have lunch at the taverna in this tiny village. See also walk 3 below.<\/p>\n<p>On your way back you can just stroll the main road where there is actually little traffic except for the odd motorbike. The distance back is then 4.5km.<\/p>\n<p><a href=\"https:\/\/www.islandwalking.com\/wordpress\/wp-content\/uploads\/2022\/05\/20220510_152531-scaled.jpg\"><img loading=\"lazy\" decoding=\"async\" class=\"aligncenter size-medium wp-image-4724\" src=\"https:\/\/www.islandwalking.com\/wordpress\/wp-content\/uploads\/2022\/05\/20220510_152531-300x225.jpg\" alt=\"\" width=\"300\" height=\"225\" srcset=\"https:\/\/www.islandwalking.com\/wordpress\/wp-content\/uploads\/2022\/05\/20220510_152531-300x225.jpg 300w, https:\/\/www.islandwalking.com\/wordpress\/wp-content\/uploads\/2022\/05\/20220510_152531-1024x768.jpg 1024w, https:\/\/www.islandwalking.com\/wordpress\/wp-content\/uploads\/2022\/05\/20220510_152531-768x576.jpg 768w, https:\/\/www.islandwalking.com\/wordpress\/wp-content\/uploads\/2022\/05\/20220510_152531-1536x1152.jpg 1536w, https:\/\/www.islandwalking.com\/wordpress\/wp-content\/uploads\/2022\/05\/20220510_152531-2048x1536.jpg 2048w\" sizes=\"auto, (max-width: 300px) 100vw, 300px\" \/><\/a><\/p>\n<p><span style=\"font-size: 24pt;\">\u20222 <\/span>MEGALOCHORI &#8211; METOCHI &#8211; SKALA (1:28; 8535 steps; 6.8km; alt. gain 199m; alt. loss 209m): Take the (upper) main road and stroll into Met\u00f3chi. From the upper part of this tiny village pick up an excellent track that rounds the hills and heads for the Sk\u00e1la road coming from the island&#8217;s landfill (ehem&#8230; my usual luck&#8230;) back into that village.<\/p>\n<p><a href=\"https:\/\/www.islandwalking.com\/wordpress\/wp-content\/uploads\/2022\/05\/20220514_115842-scaled.jpg\"><img loading=\"lazy\" decoding=\"async\" class=\"aligncenter size-medium wp-image-4722\" src=\"https:\/\/www.islandwalking.com\/wordpress\/wp-content\/uploads\/2022\/05\/20220514_115842-300x225.jpg\" alt=\"\" width=\"300\" height=\"225\" srcset=\"https:\/\/www.islandwalking.com\/wordpress\/wp-content\/uploads\/2022\/05\/20220514_115842-300x225.jpg 300w, https:\/\/www.islandwalking.com\/wordpress\/wp-content\/uploads\/2022\/05\/20220514_115842-1024x768.jpg 1024w, https:\/\/www.islandwalking.com\/wordpress\/wp-content\/uploads\/2022\/05\/20220514_115842-768x576.jpg 768w, https:\/\/www.islandwalking.com\/wordpress\/wp-content\/uploads\/2022\/05\/20220514_115842-1536x1152.jpg 1536w, https:\/\/www.islandwalking.com\/wordpress\/wp-content\/uploads\/2022\/05\/20220514_115842-2048x1536.jpg 2048w\" sizes=\"auto, (max-width: 300px) 100vw, 300px\" \/><\/a><\/p>\n<p><span style=\"font-size: 24pt;\">\u20223 <\/span>MEGALOCHORI &#8211; DRAGONERA &#8211; LIMENARIA &#8211; APONISOS (2:04; 11757 steps; 9.4km; alt. gain 281m; alt. loss 301m): This variant uses the main road then picks up a track from Dragon\u00e9ra beach towards Limen\u00e1ria. From Limen\u00e1ria stroll the road to Apon\u00edsos. There is a tiny caf\u00e9 and a restaurant just before the islet. Entering the islet itself actually costs money! Could be an alternative for those wanting sunbeds and umbrellas&#8230;<\/p>\n<p>Homebound again just strolling the main road is ok.<\/p>\n<p><a href=\"https:\/\/www.islandwalking.com\/wordpress\/wp-content\/uploads\/2022\/05\/20220515_103811-scaled.jpg\"><img loading=\"lazy\" decoding=\"async\" class=\"aligncenter size-medium wp-image-4723\" src=\"https:\/\/www.islandwalking.com\/wordpress\/wp-content\/uploads\/2022\/05\/20220515_103811-225x300.jpg\" alt=\"\" width=\"225\" height=\"300\" srcset=\"https:\/\/www.islandwalking.com\/wordpress\/wp-content\/uploads\/2022\/05\/20220515_103811-225x300.jpg 225w, https:\/\/www.islandwalking.com\/wordpress\/wp-content\/uploads\/2022\/05\/20220515_103811-768x1024.jpg 768w, https:\/\/www.islandwalking.com\/wordpress\/wp-content\/uploads\/2022\/05\/20220515_103811-1152x1536.jpg 1152w, https:\/\/www.islandwalking.com\/wordpress\/wp-content\/uploads\/2022\/05\/20220515_103811-1536x2048.jpg 1536w, https:\/\/www.islandwalking.com\/wordpress\/wp-content\/uploads\/2022\/05\/20220515_103811-scaled.jpg 1920w\" sizes=\"auto, (max-width: 225px) 100vw, 225px\" \/><\/a><\/p>\n<p><span style=\"font-size: 24pt;\">\u20224 <\/span>MEGALOCHORI &#8211; AG. THEODOROS (0:43; 2267 steps; 1.8km; alt. gain 132m; alt. loss 67m): This walk actually covers two small chapels. The (marked) paths are too tiny to be added to Google Maps itself, but if you play Ingress, its variant of the map is more detailed and the necessary paths easily seen. From the upper part of Megaloch\u00f3ri a narrow footpath takes off straight out of town in the direction of the hills behind. Expect paint blobs and arrows. Initially between fields, another footpaths forks left at a prominent crossroads. But first continue (more paint blobs) straight ahead up a low hill to the first chapel then, coming back down, go right at the mentioned crossroads. This path rises gradually into woods and ends up at the Ag. Theod\u00f3ros chapel.<\/p>\n<p>Return the same way or continue ahead on a well marked (but not mapped) trail ending up at the (upper) main road on the outskirts of Met\u00f3chi.<\/p>\n<hr style=\"font-family: Courier New Bold, Courier, monospace;\" \/>\n<p>\u2022 Good starting points: \u2022 Basically anywhere on the island<\/p>\n<p>\u2022 How to get there: \u2022 Excellent ferry\/hydrofoil connections from Piraeus&#8217; Great Harbour<\/p>\n<p>\u2022 More info: None yet<\/p>\n<\/div>\n<hr style=\"font-family: Courier New Bold, Courier, monospace;\" \/>\n<p style=\"font-family: Courier New Bold, Courier, monospace;\" align=\"left\"><span style=\"font-size: 24pt;\">T<\/span>his page was last modified at February 17, 2026.<\/p>\n<p style=\"font-family: Courier New Bold, Courier, monospace;\" align=\"left\">\u00a92022-2026 <script type=\"text\/javascript\">\/\/ <![CDATA[\nvar name = \"harald.haugli\";\nvar s = name + \"@\" + \"islandwalking\" + \".\" + \"com\";\ndocument.write('<a href=\"'); document.write('ma'); document.write('il'); document.write('to:' + s + '\">');\ndocument.write('<i>Harald Haugli\\<\\\/i\\>\\<\\\/a\\>');\n\/\/ ]]><\/script>.<\/p>\n","protected":false},"excerpt":{"rendered":"<p>\u0391\u03b3\u03ba\u03af\u03c3\u03c4\u03c1\u03b9 &#8211; Argo-Saronic Angistri is a very small and laid-back island close to Aegina (10 mins by hydrofoil), that at least out of high season is extremely peaceful. It is green and pleasant in every way. The island is crisscrossed by tracks that make some easy walks. In addition I was also able to find &hellip; <a class=\"read-excerpt\" href=\"https:\/\/www.islandwalking.com\/wordpress\/greek-islands\/angistri\/\">Continue reading <span class=\"meta-nav\">&raquo;<\/span><\/a><\/p>\n","protected":false},"author":2,"featured_media":4717,"parent":1068,"menu_order":0,"comment_status":"closed","ping_status":"closed","template":"","meta":{"footnotes":""},"class_list":["post-4702","page","type-page","status-publish","has-post-thumbnail","hentry"],"_links":{"self":[{"href":"https:\/\/www.islandwalking.com\/wordpress\/wp-json\/wp\/v2\/pages\/4702","targetHints":{"allow":["GET"]}}],"collection":[{"href":"https:\/\/www.islandwalking.com\/wordpress\/wp-json\/wp\/v2\/pages"}],"about":[{"href":"https:\/\/www.islandwalking.com\/wordpress\/wp-json\/wp\/v2\/types\/page"}],"author":[{"embeddable":true,"href":"https:\/\/www.islandwalking.com\/wordpress\/wp-json\/wp\/v2\/users\/2"}],"replies":[{"embeddable":true,"href":"https:\/\/www.islandwalking.com\/wordpress\/wp-json\/wp\/v2\/comments?post=4702"}],"version-history":[{"count":16,"href":"https:\/\/www.islandwalking.com\/wordpress\/wp-json\/wp\/v2\/pages\/4702\/revisions"}],"predecessor-version":[{"id":5713,"href":"https:\/\/www.islandwalking.com\/wordpress\/wp-json\/wp\/v2\/pages\/4702\/revisions\/5713"}],"up":[{"embeddable":true,"href":"https:\/\/www.islandwalking.com\/wordpress\/wp-json\/wp\/v2\/pages\/1068"}],"wp:featuredmedia":[{"embeddable":true,"href":"https:\/\/www.islandwalking.com\/wordpress\/wp-json\/wp\/v2\/media\/4717"}],"wp:attachment":[{"href":"https:\/\/www.islandwalking.com\/wordpress\/wp-json\/wp\/v2\/media?parent=4702"}],"curies":[{"name":"wp","href":"https:\/\/api.w.org\/{rel}","templated":true}]}}