{"id":1732,"date":"2012-03-04T10:56:34","date_gmt":"2012-03-04T09:56:34","guid":{"rendered":"http:\/\/www.islandwalking.com\/wordpress\/?page_id=1732"},"modified":"2026-03-09T15:40:19","modified_gmt":"2026-03-09T14:40:19","slug":"lanzarote","status":"publish","type":"page","link":"https:\/\/www.islandwalking.com\/wordpress\/other-islands\/lanzarote\/","title":{"rendered":"Lanzarote"},"content":{"rendered":"<h1 style=\"text-align: center; font-family: Courier New Bold, Courier, monospace;\">LANZAROTE &#8211; Canary Islands<\/h1>\n<div style=\"font-family: Courier New Bold, Courier, monospace;\">\n<p><span style=\"font-size: 24pt;\">L<\/span>anzarote is another &#8220;very volcanic&#8221; island, situated just north of Fuerteventura. The island does not have the large mountains of most of its sisters, but instead offers mostly easier walks in an, even here, pretty spectacular landscape. At least it has more to offer to the serious walker than Fuerteventura.<\/p>\n<p><span style=\"font-size: 24pt;\">I<\/span>n Playa Blanca, your untiring guide has of course checked out the menu of every food outlet in town. They all seemed to serve the same&#8230; But if you want something a little bit more special, you can have quails (&#8220;Hunter&#8217;s style&#8221;) at Terraza Pedro by the sea (UPDATE: I have not checked out the actual existence of this restaurant for years&#8230;). That was the most interesting course I could find, but be warned that their level of service strangely resembles sleight of hand. By the way, have you seen the movie &#8220;Eraserhead&#8221; by David Lynch? Just kidding&#8230;<\/p>\n<p><span style=\"font-size: 24pt;\">A<\/span>rrecife may not be that interesting for eating either, but\u00a0I have found a couple of very nice\u00a0places: Tasca La Raspa and El Nuevo Maccheroni. Although I have not actually eaten there, the restaurant at the Castillo de San Jos\u00e9 (a bit out of the centre of town) looks like the most elegant but still relaxed place you could ever want. No T-shirts in the afternoon!<\/p>\n<p><span style=\"font-size: 24pt;\">N<\/span>ote that the bus line(s) (currently 1, 2 and 3)\u00a0from Costa Teguise to Puerto del Carmen via Arrecife (and vice versa) is all the same bus.<\/p>\n<p><b>Selected walks:<\/b> For really good walks on Lanzarote take a look in Noel Rochford&#8217;s &#8220;Landscapes of Lanzarote&#8221;, referred to below as <span style=\"white-space: nowrap;\">&#8220;\/Rochford\/&#8221;<\/span> (PLEASE NOTE: when I refer to walk numbers etc. from this book they are all taken from the <b>6th edition<\/b>). Discovery has book you should check out, see &#8220;Walk! Lanzarote&#8221;, by David and Ros Brawn. There is also &#8220;Walking in the Canaries Volume 2&#8221; by Paddy Dillon.<\/p>\n<p><span style=\"font-size: 24pt;\">\u20221 <\/span>MONTA\u00d1A CORONA (my total time 2h45; 416a 412d; net walking time 2h32). This is Walk 23 in <span style=\"white-space: nowrap;\">\/Rochford\/<\/span>, but using basically all the alternative paths (some even twice and partly in reverse) to avoid as much road walking as possible. The (alternative) path actually materializes at the crossroads (at the right hand side of the road) way BELOW the Hotel Beatriz, so I recommend following it from there. I have also in the past done the original main route, including the &#8220;plunge&#8221; straight down at the end. I cannot really recommend that route&#8230;<\/p>\n<p>This is\u00a0a dramatic little walk with immense views. From Costa Teguise the &#8220;waymarks&#8221; are omnipresent, so if you actually read the book you just cannot go very wrong, the Hotel Beatriz is positively HUGE. The descent from the volcano is very steep and rough and potentially dangerous, even with the slightly less steep alternative option down. Bring a walking stick! If I ever do this walk again I will do it in reverse (or walk the same way back). After the descent I reconnected as directly as possible with my incoming route, there is no use ascending unnecessarily and roughly up to the large cairn, NOR going too early down to the road. &#8220;My&#8221; connecting path is clearly marked, but unused, on the map in the book.<\/p>\n<p><span style=\"font-size: 24pt;\">\u20222 <\/span>UGA &#8211; MONTA\u00d1A DE GUARDILAMA &#8211; PUERTO DEL CARMEN (my total time 2h51; 358a 549d; net walking time 2h32). This is Walk\u00a014 in <span style=\"white-space: nowrap;\">\/Rochford\/<\/span>. Mostly an easy stroll, with a small mountain to ascend\/descend for fun. That part of the walk is actually easier than the description in the book might lead you to believe. However, for reasons to follow I unfortunately cannot recommend this walk in its entirety any more. Luckily there are several other alternatives. Note that my walking times above does not include the mountain, as on my last visit I cut this out due to approaching rain. I have done the entire walk in the past though (+529m -677m; net walking time about 3h30).<\/p>\n<p>Most of the walk is pretty easy to follow, but taking the &#8220;CAMINO DEL MESON&#8221; down is potentially unsafe due to the possibility of several loose dogs, and one VERY AGRESSIVE one in particular. Note that approaching the &#8220;CAMINO SAN PEDRO&#8221;, the text in the book does not match the map. The map is correct of course. As fairly clearly seen on the map you CURVE left on the main track (there is a lesser track going straight on to some buildings or small farmstead), then taking the tarmac lane CAMINO SAN PEDRO to the right.<\/p>\n<p><span style=\"font-size: 24pt;\">\u20223 <\/span>HAR\u00cdA &#8211; TEGUISE (my total time 2h54; 427a 386d, net walking time 2h51). This is Walk\u00a08 in <span style=\"white-space: nowrap;\">\/Rochford\/<\/span>. An exhilarating walk and a real leg-stretcher if you want. CAREFULLY follow the instructions in <span style=\"white-space: nowrap;\">\/Rochford\/<\/span> to find your starting point and directions out of Har\u00eda. Note that the indicated street name (&#8220;CALLE EL PUENTE&#8221;) in the book is actually incorrect. That one is just another tiny side street going left again from the CLEARLY SIGNPOSTED correct street. So not much of a problem.<\/p>\n<p>After a safe ascent to the restaurant it is mostly go, go, GO&#8230;<\/p>\n<p><span style=\"font-size: 24pt;\">\u20224 <\/span>LA HOYA &#8211; FARO DE PECHIGUERA &#8211; PLAYA BLANCA (my total time 4h47, includes time for photography, a short lunch and a dip in one of the rock pools; +230m -255m, 0 laps). This is Walk\u00a028 in <span style=\"white-space: nowrap;\">\/Rochford\/<\/span>, but in REVERSE, with the addition of a stroll into Playa Blanca. Initially follow the instructions for walk 22. Hardly any navigational problems on this walk.<\/p>\n<p>The descent into the ravine close to the start was not as difficult as described. At most points this walks is just following the map and picking a path or track of your liking. The promenade from Playa Blanca now almost goes all the way to the lighthouse (picture right), and makes a pleasant stroll at the end.<\/p>\n<p>OBS: I did this walk last in 2003!<\/p>\n<p><span style=\"font-size: 24pt;\">\u20225 <\/span>MANCHA BLANCA &#8211; PLAYA DE LA MADERA &#8211; TINAJO (my total time 5h57, includes time for photography, a short snack break and a dip in one of the rock pools as well as other &#8220;sightseeing&#8221; on the coastal path beyond Playa de la Madera; +331m -382m, 1 lap). This is Walk\u00a012 in <span style=\"white-space: nowrap;\">\/Rochford\/<\/span>, expanded by the first 10-15 mins of Walk 30, the Timanfaya coastal path (picture left). Another leg-stretcher, no navigational problems if you follow the guide. At the end of the walk, entering the big crossroads in Tinajo, I would suggest you go RIGHT, to pass a couple of friendly restaurants, before another bus stop something like 100m further on.<\/p>\n<p>OBS: I did this walk last in 2003!<\/p>\n<p><span style=\"font-size: 24pt;\">\u20226 <\/span>ARRECIFE TOWN WALK (my total time 2h50; 144a 139d, net walking time 2h21). I can warmly recommend doing a stroll from the Playa del Reducto \/ Intercambiador bus station (via the nearby park) to the Castillo de San Jos\u00e9 and back, maybe spending some time at the Castillo de San Gabriel museum, the San Gin\u00e9s church, El Charco de San Gin\u00e9s, or the Castillo de San Jos\u00e9 itself (picture right) with its gallery of contemporary art and its splendid bar\/restaurant. Make sure you circle the entire Charco de San Gin\u00e9s as part of your walk (minus the two pieces you cut off by using the walk bridges). This is also an excellent place to stop for lunch on your way back.<\/p>\n<p><span style=\"font-size: 24pt;\">\u20227 <\/span>ARRECIFE &#8211; PUERTO DEL CARMEN (my total time 3h08; 202a 193d; net walking time 2h51): A surprisingly useful walk\/longer stroll. Start at the park by the Playa del Reducto \/ Intercambiador bus station in Arrecife and just continue on the promenade all the way to Puerto del Carmen. Start early if you want avoid most tourists. You can shortcut and do some parts of the walk on seaside paths.<\/p>\n<hr style=\"font-family: Courier New Bold, Courier, monospace;\" \/>\n<p>\u2022\u00a0Good starting points:\u00a0\u2022 Playa Blanca, a few walks in the area\u00a0\u2022 Puerto del Carmen, a few walks in the area, not that I would actually RECOMMEND anybody to stay at this kind of resort\u00a0\u2022 Arrecife, for a REAL walking holiday, if tourist activities are not of first priority, you will easily get around the whole island by bus<\/p>\n<p>\u2022\u00a0How to get there:\u00a0\u2022 By air\u00a0\u2022 Some ferries from other canary islands do exist<\/p>\n<p>\u2022 More info:\u00a0\u2022 <a href=\"http:\/\/www.lanzarote.com\/\">Lanzarote.com<\/a>, &#8220;All about Lanzarote!!&#8221;<\/p>\n<\/div>\n<hr style=\"font-family: Courier New Bold, Courier, monospace;\" \/>\n<p style=\"font-family: Courier New Bold, Courier, monospace;\" align=\"left\"><span style=\"font-size: 24pt;\">T<\/span>his page was last modified at March 9, 2026.<\/p>\n<p style=\"font-family: Courier New Bold, Courier, monospace;\" align=\"left\">\u00a92003-2026 <script language=\"JavaScript\">\/\/ <![CDATA[\nvar name = \"harald.haugli\";\nvar s = name + \"@\" + \"islandwalking\" + \".\" + \"com\";\ndocument.write('<a href=\"'); document.write('ma'); document.write('il'); document.write('to:' + s + '\">');\ndocument.write('<i>Harald Haugli\\<\\\/i\\>\\<\\\/a\\>.');\n\/\/ ]]><\/script><\/p>\n","protected":false},"excerpt":{"rendered":"<p>LANZAROTE &#8211; Canary Islands Lanzarote is another &#8220;very volcanic&#8221; island, situated just north of Fuerteventura. The island does not have the large mountains of most of its sisters, but instead offers mostly easier walks in an, even here, pretty spectacular landscape. At least it has more to offer to the serious walker than Fuerteventura. In &hellip; <a class=\"read-excerpt\" href=\"https:\/\/www.islandwalking.com\/wordpress\/other-islands\/lanzarote\/\">Continue reading <span class=\"meta-nav\">&raquo;<\/span><\/a><\/p>\n","protected":false},"author":1,"featured_media":1736,"parent":1203,"menu_order":0,"comment_status":"closed","ping_status":"closed","template":"","meta":{"footnotes":""},"class_list":["post-1732","page","type-page","status-publish","has-post-thumbnail","hentry"],"_links":{"self":[{"href":"https:\/\/www.islandwalking.com\/wordpress\/wp-json\/wp\/v2\/pages\/1732","targetHints":{"allow":["GET"]}}],"collection":[{"href":"https:\/\/www.islandwalking.com\/wordpress\/wp-json\/wp\/v2\/pages"}],"about":[{"href":"https:\/\/www.islandwalking.com\/wordpress\/wp-json\/wp\/v2\/types\/page"}],"author":[{"embeddable":true,"href":"https:\/\/www.islandwalking.com\/wordpress\/wp-json\/wp\/v2\/users\/1"}],"replies":[{"embeddable":true,"href":"https:\/\/www.islandwalking.com\/wordpress\/wp-json\/wp\/v2\/comments?post=1732"}],"version-history":[{"count":48,"href":"https:\/\/www.islandwalking.com\/wordpress\/wp-json\/wp\/v2\/pages\/1732\/revisions"}],"predecessor-version":[{"id":5856,"href":"https:\/\/www.islandwalking.com\/wordpress\/wp-json\/wp\/v2\/pages\/1732\/revisions\/5856"}],"up":[{"embeddable":true,"href":"https:\/\/www.islandwalking.com\/wordpress\/wp-json\/wp\/v2\/pages\/1203"}],"wp:featuredmedia":[{"embeddable":true,"href":"https:\/\/www.islandwalking.com\/wordpress\/wp-json\/wp\/v2\/media\/1736"}],"wp:attachment":[{"href":"https:\/\/www.islandwalking.com\/wordpress\/wp-json\/wp\/v2\/media?parent=1732"}],"curies":[{"name":"wp","href":"https:\/\/api.w.org\/{rel}","templated":true}]}}