{"id":1634,"date":"2012-03-01T10:53:16","date_gmt":"2012-03-01T09:53:16","guid":{"rendered":"http:\/\/www.islandwalking.com\/wordpress\/?page_id=1634"},"modified":"2026-03-01T14:56:02","modified_gmt":"2026-03-01T13:56:02","slug":"thassos","status":"publish","type":"page","link":"https:\/\/www.islandwalking.com\/wordpress\/greek-islands\/thassos\/","title":{"rendered":"Thassos"},"content":{"rendered":"<h1 style=\"text-align: center; font-family: Courier New Bold, Courier, monospace;\">\u0398\u03ac\u03c3\u03bf\u03c2 &#8211; North-East Aegean<\/h1>\n<div style=\"font-family: Courier New Bold, Courier, monospace;\">\n<p><span style=\"font-size: 24pt;\">T<\/span>hassos, the most northerly of all Greek islands, is very green and fertile for an Aegean island. A veritable floating garden. This has its price as even in summer afternoon showers are not uncommon (even with thunder).<\/p>\n<p><span style=\"font-size: 24pt;\">I<\/span>f Peace and Quiet is something you want without sacrificing having a lot of resources around you, you should try this island. Even close to high summer Thassos is still delightfully quiet, and most sounds you hear are chirping birds and babbling brooks.<\/p>\n<p><span style=\"font-size: 24pt;\">F<\/span>or the walker, the island has some serious mountain ranges and sharp ridges, making a very entertaining stay. Unfortunately the landscape is still scarred from huge forest fires in the late eighties.<\/p>\n<p><span style=\"font-size: 24pt;\">I<\/span>f you don&#8217;t mind a comfortable stay, I can personally recommend the <a href=\"http:\/\/www.hotelmiramare.gr\/\">Hotel Miramare<\/a> in Skala Potami\u00e1s. Situated in peaceful surroundings, they even serve very good Greek food and wine, with a great value for money menu of the day, different every day. Other places to try for lunch and\/or dinner is the taverna &#8220;CAPTAIN&#8221; in Skala Potami\u00e1s (great for seafood, at least) and Restaurant Fedra in Chrys\u00ed Amoudi\u00e1 (try their fantastic Spaghetti with Shrimps or their Haloumi Salad, for instance). Both have excellent service. Restaurant &#8220;\u0391\u039b\u039a\u03a5\u039f\u039d\u0399&#8221; in Skala Potami\u00e1s has good both meat and fish (probably, did not eat fish here myself), and a nice lunch in Panag\u00eda can be had at &#8220;\u03a0\u039b\u0391\u03a4\u0391\u039d\u039f\u03a3&#8221;. Both these places has kind of semi-enthusiastic service, but are still nice.<\/p>\n<p><b>Selected walks:<\/b> For walks on Thassos take a look in &#8220;Walks in Northeast Thasos&#8221; by Lance Chilton (referred to below as <span style=\"white-space: nowrap;\">&#8220;\/Chilton\/&#8221;).<\/span><\/p>\n<p><span style=\"font-size: 24pt;\">\u20221\u00a0<\/span>SK\u00c1LA POTAMI\u00c1S &#8211; PANAG\u00cdA &#8211; CHRYS\u00cd AMOUDI\u00c1 &#8211;\u00a0SK\u00c1LA POTAMI\u00c1S (my total time 7h35, includes short stops for photography and drinking AND a one hour lunch in Panag\u00eda; +-687m, 2 laps): This is walk 3 in <span style=\"white-space: nowrap;\">\/Chilton\/<\/span>, followed by 8 and 2 (in reverse).<\/p>\n<p>A great round tour of the entire bay area. No problems finding the way. I always stuck to the main (marked) route, not trying any of the suggested diversions and\/or shortcuts.<\/p>\n<p><span style=\"font-size: 24pt;\">\u20222 <\/span>SK\u00c1LA POTAMI\u00c1S &#8211; KLIS\u00cdDI RIDGE &#8211;\u00a0SK\u00c1LA POTAMI\u00c1S (my total time 3h43, includes short stops for photography and drinking; +-579m, 2 laps): This is walk 16 in <span style=\"white-space: nowrap;\">\/Chilton\/<\/span>.<\/p>\n<p>Short and easy, but the junction with the &#8220;older track&#8221; towards the end of the walk could not be seen, maybe because of recent bulldozing and\/or erosion on the main track. Again I stuck to the main (marked) route. A red arrow could still be seen here, albeit very faintly. Even if the crossroads was not visible as such it is no doubt that the older track is actually there. You can clearly see it on Google Maps, in the center of the image below (to the right of) all the S-curves.<\/p>\n<p>To avoid confusion, I would also like to add that the altitude of the &#8220;final viewpoint&#8221; cannot be 540m as described. My watch showed not much more than 400m here. I think <span style=\"white-space: nowrap;\">\/Chilton\/<\/span> must have mistakenly used total accumulated height in his notes here, not the actual height. The accumulated height for the entire walk up to that point was not very far from 540m.<\/p>\n<p><span style=\"font-size: 24pt;\">\u20223 <\/span>SK\u00c1LA POTAMI\u00c1S &#8211;\u00a0POTAMI\u00c1 &#8211; YPS\u00c1RIO &#8211; POTAMI\u00c1 &#8211;\u00a0SK\u00c1LA POTAMI\u00c1S (my total time 7h35, includes short stops for photography and drinking and a couple of short rests; +-1381m, 1 lap): This is walk 13 in <span style=\"white-space: nowrap;\">\/Chilton\/<\/span>, with the added stroll up to and down from Potami\u00e1 just using the main road.<\/p>\n<p>Not difficult, but long. And do use a walking stick for the decent. I used route A up, and route B down. Or not route B exactly as described, but the REAL original route, apart from what is destroyed by the road, with the upper part very well marked down from the road. It is NOT &#8220;unclear&#8221; as the booklet says. This is actually the best part of this route. The lower part of route B on the other hand, is starting to get VERY overgrown. The &#8220;damp stream area&#8221; on this route is now made into a beautiful spring (made in 2004), and should not be missed!<\/p>\n<p><span style=\"font-size: 24pt;\">\u20224 <\/span>SK\u00c1LA POTAMI\u00c1S &#8211; CHRYS\u00cd AMOUDI\u00c1 &#8211; V\u00c1THI (my total time 1h54, includes short stops for photography and drinking; +134m -139m, 1 lap): This is walk 2 + part of 19 in <span style=\"white-space: nowrap;\">\/Chilton\/<\/span>. Observe that my time above is for ONE WAY only. You will have to either continue to Lim\u00e9nas or walk back to Chrys\u00ed Amoudi\u00e1\/Sk\u00e1la Potami\u00e1s.<\/p>\n<p>The walk is not very interesting in itself, but the beach is peaceful apart from many boats that anchor here.<\/p>\n<p><span style=\"font-size: 24pt;\">\u20225 <\/span>SK\u00c1LA POTAMI\u00c1S &#8211;\u00a0POTAMI\u00c1 &#8211;\u00a0PANAG\u00cdA &#8211;\u00a0SK\u00c1LA POTAMI\u00c1S (my total time 3h51, includes short stops for photography and drinking; +-489m, 1 lap): This is walk 1 (Route One) + 4 + 9 in <span style=\"white-space: nowrap;\">\/Chilton\/<\/span>.<\/p>\n<p>Nice (sunday?) stroll around the neighborhood&#8230; LOTS of navigation to concentrate on, though. I will be very impressed if you manage to do every step in this walk exactly as described in the booklet.<\/p>\n<p>Some small comments:<\/p>\n<p>In w1r1 just beyond the channel at the start, there is a house to the LEFT and then a new one to the RIGHT of the grassy track. You will pass through the front yard of this new house, which also got a loose dog. Not sure if you should walk here.<\/p>\n<p>Entering Potami\u00e1 where you turn left AT a small square\/parking lot, why not just walk THROUGH the square and turn left up a main street, then easily stroll up to the big church?<\/p>\n<p>In w4 where you leave Potami\u00e1 by taking a steep street left uphill, this is NOT immediately, but down at the next crossroads. The concrete street itself is confusing and so are both the red waymarks and the booklet at points. There are more junctions than mentioned, but the final red waymark (before the &#8220;more level path&#8221; right) also seemed to point in the wrong direction.<\/p>\n<p>Towards the end of w9, passing in front of a hotel, the grassy track\/path immediately forks. Both right (small detour) and left (rather overgrown) seemed to work here, taking you to the (gravel) track where you turn left.<\/p>\n<hr style=\"font-family: Courier New Bold, Courier, monospace;\" \/>\n<p>\u2022 Good starting points: \u2022 Lim\u00e9nas (Thassos Town) \u2022 Sk\u00e1la Potami\u00e1s \u2022 Chrys\u00ed Amoudi\u00e1 (Golden Beach)<\/p>\n<p>\u2022 How to get there: \u2022 By ferry from the mainland<\/p>\n<p>\u2022 More info: Sorry, none yet<\/p>\n<\/div>\n<hr style=\"font-family: Courier New Bold, Courier, monospace;\" \/>\n<p style=\"font-family: Courier New Bold, Courier, monospace;\" align=\"left\"><span style=\"font-size: 24pt;\">T<\/span>his page was last modified at March 1, 2026.<\/p>\n<p style=\"font-family: Courier New Bold, Courier, monospace;\" align=\"left\">\u00a92006-2026 <script language=\"JavaScript\" type=\"text\/javascript\">\nvar name = \"harald.haugli\";\nvar s = name + \"@\" + \"islandwalking\" + \".\" + \"com\";\ndocument.write('<a href=\"'); document.write('ma'); document.write('il'); document.write('to:' + s + '\">');\ndocument.write('<i>Harald Haugli\\<\\\/i\\>\\<\\\/a\\>');\n<\/script>.<\/p>\n","protected":false},"excerpt":{"rendered":"<p>\u0398\u03ac\u03c3\u03bf\u03c2 &#8211; North-East Aegean Thassos, the most northerly of all Greek islands, is very green and fertile for an Aegean island. A veritable floating garden. This has its price as even in summer afternoon showers are not uncommon (even with thunder). If Peace and Quiet is something you want without sacrificing having a lot of &hellip; <a class=\"read-excerpt\" href=\"https:\/\/www.islandwalking.com\/wordpress\/greek-islands\/thassos\/\">Continue reading <span class=\"meta-nav\">&raquo;<\/span><\/a><\/p>\n","protected":false},"author":1,"featured_media":1638,"parent":1068,"menu_order":0,"comment_status":"closed","ping_status":"closed","template":"","meta":{"footnotes":""},"class_list":["post-1634","page","type-page","status-publish","has-post-thumbnail","hentry"],"_links":{"self":[{"href":"https:\/\/www.islandwalking.com\/wordpress\/wp-json\/wp\/v2\/pages\/1634","targetHints":{"allow":["GET"]}}],"collection":[{"href":"https:\/\/www.islandwalking.com\/wordpress\/wp-json\/wp\/v2\/pages"}],"about":[{"href":"https:\/\/www.islandwalking.com\/wordpress\/wp-json\/wp\/v2\/types\/page"}],"author":[{"embeddable":true,"href":"https:\/\/www.islandwalking.com\/wordpress\/wp-json\/wp\/v2\/users\/1"}],"replies":[{"embeddable":true,"href":"https:\/\/www.islandwalking.com\/wordpress\/wp-json\/wp\/v2\/comments?post=1634"}],"version-history":[{"count":9,"href":"https:\/\/www.islandwalking.com\/wordpress\/wp-json\/wp\/v2\/pages\/1634\/revisions"}],"predecessor-version":[{"id":5782,"href":"https:\/\/www.islandwalking.com\/wordpress\/wp-json\/wp\/v2\/pages\/1634\/revisions\/5782"}],"up":[{"embeddable":true,"href":"https:\/\/www.islandwalking.com\/wordpress\/wp-json\/wp\/v2\/pages\/1068"}],"wp:featuredmedia":[{"embeddable":true,"href":"https:\/\/www.islandwalking.com\/wordpress\/wp-json\/wp\/v2\/media\/1638"}],"wp:attachment":[{"href":"https:\/\/www.islandwalking.com\/wordpress\/wp-json\/wp\/v2\/media?parent=1634"}],"curies":[{"name":"wp","href":"https:\/\/api.w.org\/{rel}","templated":true}]}}