{"id":1613,"date":"2012-02-29T14:10:18","date_gmt":"2012-02-29T13:10:18","guid":{"rendered":"http:\/\/www.islandwalking.com\/wordpress\/?page_id=1613"},"modified":"2026-03-02T14:49:59","modified_gmt":"2026-03-02T13:49:59","slug":"parga","status":"publish","type":"page","link":"https:\/\/www.islandwalking.com\/wordpress\/greek-mainland\/parga\/","title":{"rendered":"Parga"},"content":{"rendered":"<h1 style=\"text-align: center; font-family: Courier New Bold, Courier, monospace;\">\u03a0\u03ac\u03c1\u03b3\u03b1 &#8211; Preveza region in Epirus<\/h1>\n<div style=\"font-family: Courier New Bold, Courier, monospace;\">\n<p><span style=\"font-size: 24pt;\">F<\/span>or a tourist resort Parga is surprisingly pretty and well worth a visit. And for the keen walker the surrounding landscape is excellent for easier walks and strolls. I would not go here in high season though. Perfect in May.<\/p>\n<p><span style=\"font-size: 24pt;\">T<\/span>he best restaurants I found in Parga during my stay was:<\/p>\n<p>1. Taverna Stefanos, with a beautiful sunset view over Valtos (their specialty is fish, but they are good at everything in my experience).<\/p>\n<p>2. Castello, at the Hotel Akropol (this is a first class restaurant, but e.g has reasonably priced and still very special pasta dishes).<\/p>\n<p><b>Selected walks:<\/b> For walks around Parga take a look in &#8220;Walks in Parga&#8221; by Lance Chilton (referred to as &#8220;<span style=\"white-space: nowrap;\">\/Chilton\/<\/span>&#8220;). Due to Lance Chilton&#8217;s writing skills, very detailed walk descriptions and good ability of map drawing, following the walks I put together below is mostly sheer pleasure, and hardly any navigation problems should occur. Where nothing else is noted only small rests, time for photography and a minimum of sightseeing is included in the total time for the walks.<\/p>\n<p><span style=\"font-size: 24pt;\">\u20221<\/span> P\u00c1RGA &#8211; P\u00c1RGA CASTLE &#8211; V\u00c1LTOS &#8211; PANAG\u00cdAS TOU VLAHERN\u00d3N &#8211; V\u00c1LTOS &#8211; P\u00c1RGA (my total time 2h41; 337a 356d; net walking time 2h01): This is <span style=\"white-space: nowrap;\">\/Chilton\/<\/span>&#8216;s walks 1+2, ending the walk back in P\u00e1rga. A very easy walk, but even here with nice views.<\/p>\n<p><span style=\"font-size: 24pt;\">\u20222<\/span> P\u00c1RGA &#8211; V\u00c1LTOS &#8211; \u00c1GIOS S\u00d3STIS &#8211; SARAK\u00cdNIKO (+ RETURN) (my total time 4h26; 695a 701d; net walking time 3h38): This is <span style=\"white-space: nowrap;\">\/Chilton\/&#8217;s<\/span> walks 1+5, with a return the same way. Includes a small dip in the ocean at the very pleasant \u00c1gios S\u00f3stis beach. Also tried to hunt out the way down to the &#8220;coastal rocks&#8221; before that beach, but the finally very overgrown path ended just above the interesting rocks, where the rest of the path had caved in. The scramble down was just too rough.<\/p>\n<p><span style=\"font-size: 24pt;\">\u20223<\/span> P\u00c1RGA &#8211; V\u00c1LTOS &#8211; ANTHO\u00daSA &#8211; ANTHO\u00daSA CASTLE &#8211; V\u00c1LTOS &#8211; P\u00c1RGA (my total time 3h23; 552a 569d; net walking time 2h32): This is <span style=\"white-space: nowrap;\">\/Chilton\/<\/span>&#8216;s walks 1+3+8+(most of)4, returning to P\u00e1rga via the \u00c1gios S\u00f3stis crossroads and V\u00e1ltos (part of walk 4). One thing of particular note is that <span style=\"white-space: nowrap;\">\/Chilton\/<\/span>&#8216;s track towards Antho\u00fasa, is NOT the signed track that is surfaced all the way. Go instead right on the NEXT track, just before the stream.<\/p>\n<p><span style=\"font-size: 24pt;\">\u20224<\/span> P\u00c1RGA &#8211; \u00c1GIOS KONSTAND\u00cdNOS &#8211; AG\u00cdA EL\u00c9NI &#8211; L\u00ddKHNOS &#8211; P\u00c1RGA (my total time 4h16; 557a 561d; net walking time 2h09): This is <span style=\"white-space: nowrap;\">\/Chilton\/<\/span>&#8216;s walks 13+14(in reverse). Due to the overgrown nature of the last part of walk 13 I selected the option marked **() in <span style=\"white-space: nowrap;\">\/Chilton\/<\/span>, to the &#8220;area above L\u00fdkhnos&#8221;. That was probably a very wise choice as the last part of the path directly down to the beach looked completely blocked by a new building site when I later investigated from the other side. The L\u00fdkhnos beach itself turned out to be wonderful, although the water was surprisingly cold in the middle of May. I spent around an hour there.<\/p>\n<p><span style=\"font-size: 24pt;\">\u20225<\/span> P\u00c1RGA &#8211; AG\u00cdA KYRIAK\u00cd &#8211; PANAG\u00cdA &#8211; ANTHO\u00daSA &#8211; V\u00c1LTOS &#8211; P\u00c1RGA (my total time 3h45; 519a 523d; net walking time 2h50): This is <span style=\"white-space: nowrap;\">\/Chilton\/<\/span>&#8216;s walks 12+3+1(in reverse). Mind the intricate navigation just before the Panag\u00eda church. Read and re-read both the text and the map to make sure you go the right way. You are supposed to go RIGHT on the fork BEFORE the tin shed. This is actually well before the track turns left up to the mentioned apartments. For once I think <span style=\"white-space: nowrap;\">\/Chilton\/<\/span> could have been more clear. Also mind: Several loose dogs may be encountered on this walk.<\/p>\n<hr style=\"font-family: Courier New Bold, Courier, monospace;\" \/>\n<p>\u2022 Good starting points \u2022 You are already there&#8230;<\/p>\n<p>\u2022 How to get there: \u2022 By air (charter)<\/p>\n<p>\u2022 More info: \u2022 <a href=\"http:\/\/www.parganet.gr\/index.html\">Parganet<\/a> is a tourist guide for Parga<\/p>\n<\/div>\n<hr style=\"font-family: Courier New Bold, Courier, monospace;\" \/>\n<p style=\"font-family: Courier New Bold, Courier, monospace;\" align=\"left\"><span style=\"font-size: 24pt;\">T<\/span>his page was last modified at March 2, 2026.<\/p>\n<p style=\"font-family: Courier New Bold, Courier, monospace;\" align=\"left\">\u00a92011-2026 <script type=\"text\/javascript\" language=\"JavaScript\">\/\/ <![CDATA[\nvar name = \"harald.haugli\";\nvar s = name + \"@\" + \"islandwalking\" + \".\" + \"com\";\ndocument.write('<a href=\"'); document.write('ma'); document.write('il'); document.write('to:' + s + '\">');\ndocument.write('<i>Harald Haugli\\<\\\/i\\>\\<\\\/a\\>.');\n\/\/ ]]><\/script><\/p>\n","protected":false},"excerpt":{"rendered":"<p>\u03a0\u03ac\u03c1\u03b3\u03b1 &#8211; Preveza region in Epirus For a tourist resort Parga is surprisingly pretty and well worth a visit. And for the keen walker the surrounding landscape is excellent for easier walks and strolls. I would not go here in high season though. Perfect in May. The best restaurants I found in Parga during my &hellip; <a class=\"read-excerpt\" href=\"https:\/\/www.islandwalking.com\/wordpress\/greek-mainland\/parga\/\">Continue reading <span class=\"meta-nav\">&raquo;<\/span><\/a><\/p>\n","protected":false},"author":1,"featured_media":1617,"parent":1565,"menu_order":0,"comment_status":"closed","ping_status":"closed","template":"","meta":{"footnotes":""},"class_list":["post-1613","page","type-page","status-publish","has-post-thumbnail","hentry"],"_links":{"self":[{"href":"https:\/\/www.islandwalking.com\/wordpress\/wp-json\/wp\/v2\/pages\/1613","targetHints":{"allow":["GET"]}}],"collection":[{"href":"https:\/\/www.islandwalking.com\/wordpress\/wp-json\/wp\/v2\/pages"}],"about":[{"href":"https:\/\/www.islandwalking.com\/wordpress\/wp-json\/wp\/v2\/types\/page"}],"author":[{"embeddable":true,"href":"https:\/\/www.islandwalking.com\/wordpress\/wp-json\/wp\/v2\/users\/1"}],"replies":[{"embeddable":true,"href":"https:\/\/www.islandwalking.com\/wordpress\/wp-json\/wp\/v2\/comments?post=1613"}],"version-history":[{"count":19,"href":"https:\/\/www.islandwalking.com\/wordpress\/wp-json\/wp\/v2\/pages\/1613\/revisions"}],"predecessor-version":[{"id":5791,"href":"https:\/\/www.islandwalking.com\/wordpress\/wp-json\/wp\/v2\/pages\/1613\/revisions\/5791"}],"up":[{"embeddable":true,"href":"https:\/\/www.islandwalking.com\/wordpress\/wp-json\/wp\/v2\/pages\/1565"}],"wp:featuredmedia":[{"embeddable":true,"href":"https:\/\/www.islandwalking.com\/wordpress\/wp-json\/wp\/v2\/media\/1617"}],"wp:attachment":[{"href":"https:\/\/www.islandwalking.com\/wordpress\/wp-json\/wp\/v2\/media?parent=1613"}],"curies":[{"name":"wp","href":"https:\/\/api.w.org\/{rel}","templated":true}]}}