{"id":1606,"date":"2012-02-29T12:34:47","date_gmt":"2012-02-29T11:34:47","guid":{"rendered":"http:\/\/www.islandwalking.com\/wordpress\/?page_id=1606"},"modified":"2026-03-01T15:08:22","modified_gmt":"2026-03-01T14:08:22","slug":"zakynthos","status":"publish","type":"page","link":"https:\/\/www.islandwalking.com\/wordpress\/greek-islands\/zakynthos\/","title":{"rendered":"Zakynthos"},"content":{"rendered":"<h1 style=\"text-align: center; font-family: Courier New Bold, Courier, monospace;\">\u0396\u03ac\u03ba\u03c5\u03bd\u03b8\u03bf\u03c2 &#8211; Ionian<\/h1>\n<div style=\"font-family: Courier New Bold, Courier, monospace;\">\n<p><span style=\"font-size: 24pt;\">Z<\/span>akynthos is another fairly big Ionian island with several walks at least good for a week or so of walking holiday. Unfortunately most of the walks I selected were actually not that interesting. More about that later&#8230;<\/p>\n<p><span style=\"font-size: 24pt;\">Z<\/span>akynthos Town is a good place to stay with (especially) some really good Fish tavernas around. Unfortunately the quality of the wine usually does not follow. Actually, the only place in town I could find that had a fresh, young white house wine was the fairly simple but wonderful Spartakos. For bottled wine there is the nice local Verdea. This comes in both dry and semi-dry versions.<\/p>\n<p><b> Selected walks:<\/b> For walks on the island, see &#8220;Zakynthos (Zante)&#8221; by Gail Schofield (referred to as <span style=\"white-space: nowrap;\">&#8220;\/Schofield\/&#8221;<\/span>).<\/p>\n<p><span style=\"font-size: 24pt;\">\u20221<\/span> ZAKYNTHOS TOWN (my total time 2h04; 246a 247d; net walking time 1h33): This is a variant of the &#8220;Suggested Walking Tour of Zakynthos town&#8221; in <span style=\"white-space: nowrap;\">\/Schofield\/<\/span>.<\/p>\n<div style=\"text-align: center;\">\n<table style=\"text-align: left; width: 100%;\" border=\"0\">\n<tbody>\n<tr>\n<td style=\"text-align: center;\"><img decoding=\"async\" style=\"border: 1px solid; width: 150px; height: 200px;\" src=\"https:\/\/www.islandwalking.com\/img_1027.jpg\" alt=\"\" hspace=\"10\" vspace=\"10\" \/><br \/>\n<i><span style=\"font-size: 10pt;\">1<\/span><\/i><\/td>\n<td style=\"text-align: center;\"><img decoding=\"async\" style=\"border: 1px solid; width: 150px; height: 200px;\" src=\"https:\/\/www.islandwalking.com\/img_1028.jpg\" alt=\"\" hspace=\"10\" vspace=\"10\" \/><br \/>\n<i><span style=\"font-size: 10pt;\">2<\/span><\/i><\/td>\n<td style=\"text-align: center;\"><img decoding=\"async\" style=\"border: 1px solid; width: 150px; height: 200px;\" src=\"https:\/\/www.islandwalking.com\/img_1029.jpg\" alt=\"\" hspace=\"10\" vspace=\"10\" \/><br \/>\n<i><span style=\"font-size: 10pt;\">3<\/span><\/i><\/td>\n<\/tr>\n<tr>\n<td style=\"text-align: center;\"><img decoding=\"async\" style=\"border: 1px solid; width: 150px; height: 200px;\" src=\"https:\/\/www.islandwalking.com\/img_1031_1.jpg\" alt=\"\" hspace=\"10\" vspace=\"10\" \/><br \/>\n<i><span style=\"font-size: 10pt;\">4<\/span><\/i><\/td>\n<td style=\"text-align: center;\"><img decoding=\"async\" style=\"border: 1px solid; width: 150px; height: 200px;\" src=\"https:\/\/www.islandwalking.com\/img_1033.jpg\" alt=\"\" hspace=\"10\" vspace=\"10\" \/><br \/>\n<i><span style=\"font-size: 10pt;\">5<\/span><\/i><\/td>\n<td style=\"text-align: center;\"><img decoding=\"async\" style=\"border: 1px solid; width: 200px; height: 150px;\" src=\"https:\/\/www.islandwalking.com\/img_1034.jpg\" alt=\"\" hspace=\"10\" vspace=\"10\" \/><br \/>\n<i><span style=\"font-size: 10pt;\">6<\/span><\/i><\/td>\n<\/tr>\n<tr>\n<td style=\"text-align: center;\"><img decoding=\"async\" style=\"border: 1px solid; width: 200px; height: 150px;\" src=\"https:\/\/www.islandwalking.com\/img_1036.jpg\" alt=\"\" hspace=\"10\" vspace=\"10\" \/><br \/>\n<i><span style=\"font-size: 10pt;\">7<\/span><\/i><\/td>\n<td style=\"text-align: center;\"><img decoding=\"async\" style=\"border: 1px solid; width: 200px; height: 150px;\" src=\"https:\/\/www.islandwalking.com\/img_1039.jpg\" alt=\"\" hspace=\"10\" vspace=\"10\" \/><br \/>\n<i><span style=\"font-size: 10pt;\">8<\/span><\/i><\/td>\n<td style=\"text-align: center;\"><img decoding=\"async\" style=\"border: 1px solid; width: 150px; height: 200px;\" src=\"https:\/\/www.islandwalking.com\/img_1040.jpg\" alt=\"\" hspace=\"10\" vspace=\"10\" \/><br \/>\n<i><span style=\"font-size: 10pt;\">9<\/span><\/i><\/td>\n<\/tr>\n<tr>\n<td style=\"text-align: center;\"><img decoding=\"async\" style=\"border: 1px solid; width: 150px; height: 200px;\" src=\"https:\/\/www.islandwalking.com\/img_1046.jpg\" alt=\"\" hspace=\"10\" vspace=\"10\" \/><br \/>\n<i><span style=\"font-size: 10pt;\">10<\/span><\/i><\/td>\n<td style=\"text-align: center;\"><img decoding=\"async\" style=\"border: 1px solid; width: 150px; height: 200px;\" src=\"https:\/\/www.islandwalking.com\/img_1047.jpg\" alt=\"\" hspace=\"10\" vspace=\"10\" \/><br \/>\n<i><span style=\"font-size: 10pt;\">11<\/span><\/i><\/td>\n<td style=\"text-align: center;\"><img decoding=\"async\" style=\"border: 1px solid; width: 200px; height: 150px;\" src=\"https:\/\/www.islandwalking.com\/img_1048.jpg\" alt=\"\" hspace=\"10\" vspace=\"10\" \/><br \/>\n<i><span style=\"font-size: 10pt;\">12<\/span><\/i><\/td>\n<\/tr>\n<\/tbody>\n<\/table>\n<\/div>\n<p>The walk starts at the statue of Solom\u00f3s by the Museum of Post-Byzantine Art. If the museum is open by all means visit before continuing with the rest of the walk<sup>1<\/sup>.<\/p>\n<p>Then walk inland past San Marco square and continue up the street. Your real ascent starts at some stairs<sup>2<\/sup>.<\/p>\n<p>Continue up steep streets<sup>3<\/sup> until it all levels out and you curve past a church<sup>4<\/sup>.<\/p>\n<p>From the church take yet another lane going upwards<sup>5<\/sup> until it becomes a concreted track under pines<sup>6<\/sup>.<\/p>\n<p>Keep left and you end up at the gate of the fortress<sup>7<\/sup>. Unfortunately, at my visit medio August the fortress was closed that week.<\/p>\n<p>From the fortress stroll down to B\u00f3chali and its church<sup>8<\/sup> for more great views.<\/p>\n<p>On the return you can take the alternative concrete footpath<sup>9<\/sup> going left to connect with the track you used on your way up.<\/p>\n<p>Follow the track and later any lane you want down into town again and you can stroll any street you want e.g. back to your starting point. Me, I wanted to orientate myself further and continued south into Laz\u00e1rou street to look for the bus station. After a while up this street, another church, the \u00c1g. L\u00e1zaros itself<sup>10<\/sup>.<\/p>\n<p>Realizing I had now walked way past the bus station without seeing any signs for it (they are there, just too inconspicuous) I turned back and walked the back streets until, finally<sup>11<\/sup>&#8230;<\/p>\n<p>My &#8220;official&#8221; walk ends at the bus station<sup>12<\/sup>, where it is possible to have a snack and\/or drink if you want.<\/p>\n<p><span style=\"font-size: 24pt;\">\u20222<\/span> G\u00c9RAKAS HEADLAND (my total time 1h56, includes a small dip in the ocean and quite a bit of &#8220;research&#8221;; 194a 196d; net walking time 1h10): This is walk 1 in <span style=\"white-space: nowrap;\">\/Schofield\/<\/span>.<\/p>\n<p>A very short walk, but still incredibly difficult to follow. Since all walks in <span style=\"white-space: nowrap;\">\/Schofield\/<\/span> quite to the contrary of all other Sunflower guides I have used are written solely for motorists I had to try to connect to the walk from the bus stop at the G\u00e9rakas crossroads. Unfortunately the &#8220;maps&#8221; (useless hand-drawn 3D sketches with no scale) are almost impossible to read and the walk descriptions way too simplistic to be of much help if you are not already at the right spot.<\/p>\n<p>To connect to the walk from the G\u00e9rakas crossroads you take the road to the right of the main road going down. Keep left. There are so many gates and no way of knowing which one is the right one so you will have to walk to the &#8220;well&#8221; referred to (OBS OBS: actually a spring!) and then turn back again.<\/p>\n<p>From the correct gate it is an irritating number of more gates (one even used twice!) that have to be negotiated.<\/p>\n<p>When you are finally down to the beach, finding the track back up again also turned difficult. I have no means of knowing which &#8220;parking area&#8221; the book refers to, there were parking all over the place. I just strolled the road back to the bus stop.<\/p>\n<p>All in all a rather uninteresting walk. And too short, but it can be extended by walking from\/to Porto Roma.<\/p>\n<p><span style=\"font-size: 24pt;\">\u20223<\/span> LAKE KER\u00cd (my total time 1h20; 117a 118d; net walking time 1h06): This is walk 9 in <span style=\"white-space: nowrap;\">\/Schofield\/<\/span>.<\/p>\n<p>This walk is also way too short to be of much interest but at least easy to find and follow.<\/p>\n<p><span style=\"font-size: 24pt;\">\u20224<\/span> \u00c1GIOS S\u00d3STIS (my total time 1h51, including long detours and &#8220;investigation&#8221;; 178a 178d; net walking time 1h32): This is walk 8 in <span style=\"white-space: nowrap;\">\/Schofield\/<\/span>.<\/p>\n<p>The only good way of starting this walk is by bus to Lagan\u00e1s. At the bus terminus you are actually just a couple of hundred meters from point 17 on this walk. Just stroll along the beach.<\/p>\n<p>Unfortunately the walk itself is impossible to follow as described in the book (maybe at low tide???). There is no beach to walk on at all times and you will have to cross very difficult rocky areas. Maybe you could wade but the waters are murky and there is no way of knowing what you might tread on. This forced me on larger and larger detours inland and in the end I had no idea when I had arrived at the correct beach. Actually I never got there but managed eventually to connect with the described walk again by &#8220;ancient olives.&#8221; I have no useful instructions to provide for you here.<\/p>\n<p>Another rather uninteresting walk that you might just pass.<\/p>\n<p><span style=\"font-size: 24pt;\">\u20225<\/span> KALAM\u00c1KI &#8211; MOUNT SKOP\u00d3S &#8211; ARG\u00c1SSI (my total time 4h22, includes a couple of swims near the start and refreshments at the &#8220;kantina&#8221; near the top; 597a 609d; net walking time 2h39): This is walk 6 (Alt 3) and 5 in <span style=\"white-space: nowrap;\">\/Schofield\/<\/span>.<\/p>\n<p>To get anything useful out of the book I had to start putting together something of my own. This is a wonderful walk. Use the touring map to connect the walks.<\/p>\n<p>You can (be careful and only walk outside turns) end the walk in Arg\u00e1ssi and take the bus back to Zakynthos town from there. It is also possible to extend the walk by walking the entire way back to town, but this I can NOT recommend!<\/p>\n<hr style=\"font-family: Courier New Bold, Courier, monospace;\" \/>\n<p>\u2022\u00a0Good starting points: \u2022 Zakynthos Town<\/p>\n<p>\u2022\u00a0How to get there: \u2022\u00a0By air \u2022\u00a0By ferry from some other Ionian islands \u2022\u00a0By ferry from the mainland<\/p>\n<p>\u2022\u00a0More info:\u00a0\u2022\u00a0<a href=\"http:\/\/www.ktel-zakynthos.gr\/en\/\">Ktel Buses<\/a> has bus schedules for the island<\/p>\n<\/div>\n<hr style=\"font-family: Courier New Bold, Courier, monospace;\" \/>\n<p style=\"font-family: Courier New Bold, Courier, monospace;\" align=\"left\"><span style=\"font-size: 24pt;\">T<\/span>his page was last modified at March 1, 2026.<\/p>\n<p style=\"font-family: Courier New Bold, Courier, monospace;\" align=\"left\">\u00a92011-2026 <script language=\"JavaScript\">\/\/ <![CDATA[\nvar name = \"harald.haugli\";\nvar s = name + \"@\" + \"islandwalking\" + \".\" + \"com\";\ndocument.write('<a href=\"'); document.write('ma'); document.write('il'); document.write('to:' + s + '\">');\ndocument.write('<i>Harald Haugli\\<\\\/i\\>\\<\\\/a\\>.');\n\/\/ ]]><\/script><\/p>\n","protected":false},"excerpt":{"rendered":"<p>\u0396\u03ac\u03ba\u03c5\u03bd\u03b8\u03bf\u03c2 &#8211; Ionian Zakynthos is another fairly big Ionian island with several walks at least good for a week or so of walking holiday. Unfortunately most of the walks I selected were actually not that interesting. More about that later&#8230; Zakynthos Town is a good place to stay with (especially) some really good Fish tavernas &hellip; <a class=\"read-excerpt\" href=\"https:\/\/www.islandwalking.com\/wordpress\/greek-islands\/zakynthos\/\">Continue reading <span class=\"meta-nav\">&raquo;<\/span><\/a><\/p>\n","protected":false},"author":1,"featured_media":1610,"parent":1068,"menu_order":0,"comment_status":"closed","ping_status":"closed","template":"","meta":{"footnotes":""},"class_list":["post-1606","page","type-page","status-publish","has-post-thumbnail","hentry"],"_links":{"self":[{"href":"https:\/\/www.islandwalking.com\/wordpress\/wp-json\/wp\/v2\/pages\/1606","targetHints":{"allow":["GET"]}}],"collection":[{"href":"https:\/\/www.islandwalking.com\/wordpress\/wp-json\/wp\/v2\/pages"}],"about":[{"href":"https:\/\/www.islandwalking.com\/wordpress\/wp-json\/wp\/v2\/types\/page"}],"author":[{"embeddable":true,"href":"https:\/\/www.islandwalking.com\/wordpress\/wp-json\/wp\/v2\/users\/1"}],"replies":[{"embeddable":true,"href":"https:\/\/www.islandwalking.com\/wordpress\/wp-json\/wp\/v2\/comments?post=1606"}],"version-history":[{"count":18,"href":"https:\/\/www.islandwalking.com\/wordpress\/wp-json\/wp\/v2\/pages\/1606\/revisions"}],"predecessor-version":[{"id":5786,"href":"https:\/\/www.islandwalking.com\/wordpress\/wp-json\/wp\/v2\/pages\/1606\/revisions\/5786"}],"up":[{"embeddable":true,"href":"https:\/\/www.islandwalking.com\/wordpress\/wp-json\/wp\/v2\/pages\/1068"}],"wp:featuredmedia":[{"embeddable":true,"href":"https:\/\/www.islandwalking.com\/wordpress\/wp-json\/wp\/v2\/media\/1610"}],"wp:attachment":[{"href":"https:\/\/www.islandwalking.com\/wordpress\/wp-json\/wp\/v2\/media?parent=1606"}],"curies":[{"name":"wp","href":"https:\/\/api.w.org\/{rel}","templated":true}]}}