{"id":1531,"date":"2012-02-28T20:24:45","date_gmt":"2012-02-28T19:24:45","guid":{"rendered":"http:\/\/www.islandwalking.com\/wordpress\/?page_id=1531"},"modified":"2026-02-23T07:04:02","modified_gmt":"2026-02-23T06:04:02","slug":"meganissi","status":"publish","type":"page","link":"https:\/\/www.islandwalking.com\/wordpress\/greek-islands\/meganissi\/","title":{"rendered":"Meganissi"},"content":{"rendered":"<h1 style=\"text-align: center; font-family: Courier New Bold, Courier, monospace;\">\u039c\u03b5\u03b3\u03b1\u03bd\u03ae\u03c3\u03b9 &#8211; Ionian<\/h1>\n<div style=\"font-family: Courier New Bold, Courier, monospace;\">\n<p><span style=\"font-size: 24pt;\">M<\/span>eganisi is (despite the name!) a fairly small island close to <a href=\"http:\/\/www.islandwalking.com\/lefkada.html\">Lefkada<\/a>. A little gem, in fact. Its few roads have been largely laid under asphalt even here, but there is hardly any traffic.<\/p>\n<p><b>Selected walks:<\/b> For walks on the island, see &#8220;Walks in Lefkada and Meganisi&#8221; by Lance Chilton (referred to as <span style=\"white-space: nowrap;\">&#8220;\/Chilton\/&#8221;<\/span>) and <a href=\"https:\/\/fagottobooks.gr\/en\/1287-35_978-960-6685-53-8.html\">Lefkada on Foot<\/a> by Lida Out.<\/p>\n<p><span style=\"font-size: 24pt;\">\u20221<\/span> SPILI\u00c1 &#8211; \u00c1G. IO\u00c1NNIS &#8211; SPARTOH\u00d3RI (my total time 2h23; 352a 282d; net walking time 1h34): This is <span style=\"white-space: nowrap;\">\/Chilton\/<\/span>&#8216;s walk 6. My time includes a swim at the decent beach at \u00c1g. Io\u00e1nnis. An easy stroll this, but mostly on asphalt unfortunately.<\/p>\n<hr style=\"font-family: Courier New Bold, Courier, monospace;\" \/>\n<p>\u2022\u00a0Good starting points: \u2022 Vath\u00ed \u2022 Spili\u00e1<\/p>\n<p>\u2022\u00a0How to get there: \u2022\u00a0By ferry from Kefalonia<\/p>\n<p>\u2022 More info: Sorry, none yet<\/p>\n<\/div>\n<hr style=\"font-family: Courier New Bold, Courier, monospace;\" \/>\n<p style=\"font-family: Courier New Bold, Courier, monospace;\" align=\"left\"><span style=\"font-size: 24pt;\">T<\/span>his page was last modified at February 23, 2026.<\/p>\n<p style=\"font-family: Courier New Bold, Courier, monospace;\" align=\"left\">\u00a92011-2026 <script language=\"JavaScript\" type=\"text\/javascript\">\nvar name = \"harald.haugli\";\nvar s = name + \"@\" + \"islandwalking\" + \".\" + \"com\";\ndocument.write('<a href=\"'); document.write('ma'); document.write('il'); document.write('to:' + s + '\">');\ndocument.write('<i>Harald Haugli\\<\\\/i\\>\\<\\\/a\\>');\n<\/script>.<\/p>\n","protected":false},"excerpt":{"rendered":"<p>\u039c\u03b5\u03b3\u03b1\u03bd\u03ae\u03c3\u03b9 &#8211; Ionian Meganisi is (despite the name!) a fairly small island close to Lefkada. A little gem, in fact. Its few roads have been largely laid under asphalt even here, but there is hardly any traffic. Selected walks: For walks on the island, see &#8220;Walks in Lefkada and Meganisi&#8221; by Lance Chilton (referred to &hellip; <a class=\"read-excerpt\" href=\"https:\/\/www.islandwalking.com\/wordpress\/greek-islands\/meganissi\/\">Continue reading <span class=\"meta-nav\">&raquo;<\/span><\/a><\/p>\n","protected":false},"author":1,"featured_media":1533,"parent":1068,"menu_order":0,"comment_status":"closed","ping_status":"closed","template":"","meta":{"footnotes":""},"class_list":["post-1531","page","type-page","status-publish","has-post-thumbnail","hentry"],"_links":{"self":[{"href":"https:\/\/www.islandwalking.com\/wordpress\/wp-json\/wp\/v2\/pages\/1531","targetHints":{"allow":["GET"]}}],"collection":[{"href":"https:\/\/www.islandwalking.com\/wordpress\/wp-json\/wp\/v2\/pages"}],"about":[{"href":"https:\/\/www.islandwalking.com\/wordpress\/wp-json\/wp\/v2\/types\/page"}],"author":[{"embeddable":true,"href":"https:\/\/www.islandwalking.com\/wordpress\/wp-json\/wp\/v2\/users\/1"}],"replies":[{"embeddable":true,"href":"https:\/\/www.islandwalking.com\/wordpress\/wp-json\/wp\/v2\/comments?post=1531"}],"version-history":[{"count":7,"href":"https:\/\/www.islandwalking.com\/wordpress\/wp-json\/wp\/v2\/pages\/1531\/revisions"}],"predecessor-version":[{"id":5756,"href":"https:\/\/www.islandwalking.com\/wordpress\/wp-json\/wp\/v2\/pages\/1531\/revisions\/5756"}],"up":[{"embeddable":true,"href":"https:\/\/www.islandwalking.com\/wordpress\/wp-json\/wp\/v2\/pages\/1068"}],"wp:featuredmedia":[{"embeddable":true,"href":"https:\/\/www.islandwalking.com\/wordpress\/wp-json\/wp\/v2\/media\/1533"}],"wp:attachment":[{"href":"https:\/\/www.islandwalking.com\/wordpress\/wp-json\/wp\/v2\/media?parent=1531"}],"curies":[{"name":"wp","href":"https:\/\/api.w.org\/{rel}","templated":true}]}}