{"id":1526,"date":"2012-02-28T20:12:34","date_gmt":"2012-02-28T19:12:34","guid":{"rendered":"http:\/\/www.islandwalking.com\/wordpress\/?page_id=1526"},"modified":"2026-02-21T15:27:25","modified_gmt":"2026-02-21T14:27:25","slug":"lefkada","status":"publish","type":"page","link":"https:\/\/www.islandwalking.com\/wordpress\/greek-islands\/lefkada\/","title":{"rendered":"Lefkada"},"content":{"rendered":"<h1 style=\"text-align: center; font-family: Courier New Bold, Courier, monospace;\">\u039b\u03b5\u03c5\u03ba\u03ac\u03b4\u03b1 &#8211; Ionian<\/h1>\n<div style=\"font-family: Courier New Bold, Courier, monospace;\">\n<p><span style=\"font-size: 24pt;\">L<\/span>efkada (aka Lefkas) is yet another fairly big Ionian island, and the resort area of Nidr\u00ed has access to many walks and are at least good for a week or so of walking holiday.<\/p>\n<p><span style=\"font-size: 24pt;\">N<\/span>idr\u00ed is also serious insect country which makes it less pleasant than it could have been, the setting is truly awesome.<\/p>\n<p><span style=\"font-size: 24pt;\">F<\/span>ood and wine is generally excellent and service is also top notch. If I must mention just one place it will have be the Italian restaurant &#8220;500cc Caff\u00e9&#8221;. That place is heaven on earth. Update: I believe this wonderful place is now closed.<\/p>\n<p><b> Selected walks:<\/b> For walks on the island, see &#8220;Walks in Lefkada and Meganisi&#8221; by Lance Chilton (referred to as <span style=\"white-space: nowrap;\">&#8220;\/Chilton\/&#8221;<\/span>) and &#8220;Lefkada on Foot&#8221; by Lida Out (referred to as <span style=\"white-space: nowrap;\">&#8220;\/Out\/&#8221;<\/span>).<\/p>\n<p><span style=\"font-size: 24pt;\">\u20221<\/span> NIDR\u00cd &#8211; R\u00c1CHI &#8211; THE WATERFALLS (+ RETURN) (my total time 2h29; 221a 228d; net walking time 1h38): This is <span style=\"white-space: nowrap;\">\/Out\/<\/span>&#8216;s walk 11 (It is also <span style=\"white-space: nowrap;\">\/Chilton\/<\/span>&#8216;s walk 1).<\/p>\n<p>Instead of using the perfectly sensible route (mostly signposted) followed in <span style=\"white-space: nowrap;\">\/Chilton\/<\/span>, I unfortunately opted for the complicated <span style=\"white-space: nowrap;\">\/Out\/<\/span> version of this walk, i.e it is almost the same, but goes into a maze of gravel tracks just to loose a couple of hundred meters of asphalt. The timings in the book were too inconsistent to be useful. The &#8220;5 minutes from the bypass&#8221; was actually 4 minutes using their initial speed. Lots of investigation here is included in the total time of the walk. I walked the initial part of the walk TWICE and still could not see that turn-off. Had the book just indicated that it was just before the factory and that you actually walked at the side of the wall\/fence of that the entire time&#8230; But no. I then walked the walk backwards from where <span style=\"white-space: nowrap;\">\/Out\/<\/span> obviously came back in on the main route. And surprise, surprise was I spat out from what looked like a private access road beside the factory. I could never have consider going in there, I expected a real cross-roads. Also mind that the mentioned sign (actually a board) was broken off and lie hidden in vegetation. It could only be seen coming out that very narrow road.<\/p>\n<p>Other than this totally unnecessary diversion, a stupid detour, the walk itself is rather uneventful. Just mind that on the return where you cross the riverbed by some sheds (N15 in <span style=\"white-space: nowrap;\">\/Out\/<\/span>) this is done on a bridge. Very strange walk description here, and this book has lots of that. Strange English sentences that at least I have difficult to understand. Something seems to be lost in translation. Oh why did I not just stick to the dependable <span style=\"white-space: nowrap;\">&#8220;\/Chilton\/&#8221;<\/span>&#8230;<\/p>\n<p><span style=\"font-size: 24pt;\">\u20222<\/span> NIDR\u00cd &#8211; VL\u00cdCHO &#8211; AG. KYRIAK\u00cd &#8211; DES\u00cdMI &#8211; VL\u00cdCHO &#8211; NIDR\u00cd (my total time 5h02; 385a 381d; net walking time 4h15): This is <span style=\"white-space: nowrap;\">\/Chilton\/<\/span>&#8216;s walks 3+4.<\/p>\n<p>A fairly uneventfull walk almost totally on asphalt. No problems with navigation. Des\u00edmi proved just another scruffy and uninteresting beach, and I opted turning back immediately for some refreshments (included in the total time).<\/p>\n<p><span style=\"font-size: 24pt;\">\u20223<\/span> NIDR\u00cd &#8211; PALEOKATO\u00daNA &#8211; NEOCH\u00d3RI &#8211; EGLOUV\u00cd &#8211; \u00c1G. DON\u00c1TOS (+ RETURN) (my total time 7h12; 1207a 1204d; net walking time 5h58): This is <span style=\"white-space: nowrap;\">\/Chilton\/<\/span>&#8216;s walk 5.<\/p>\n<p>What a massive walk! Extensive views of course. Marred (mid June) by insects though, they attacked like crazy if you stopped even for a second&#8230; And you will probably be covered by cobwebs using those short-cuts.<\/p>\n<p>Navigation was mostly easy, unfortunately the &#8220;well-used dirt road&#8221; that you meet high up in the montains is also laid under asphalt now, and you follow this for kilometers&#8230; There is however NO traffic.<\/p>\n<p><span style=\"font-size: 24pt;\">\u20224<\/span> NIDR\u00cd &#8211; PALEOKATO\u00daNA &#8211; NEOCH\u00d3RI &#8211; R\u00c1CHI &#8211; NIDR\u00cd (my total time 5h17; 610a 613d; net walking time 3h31): This is <span style=\"white-space: nowrap;\">\/Out\/<\/span>&#8216;s walk 12.<\/p>\n<p>Since I knew at least some of the complicated initial route in <span style=\"white-space: nowrap;\">\/Out\/<\/span> now (see my walk 1 above) I gave this book another shot. Again timings proved too inconsistent to be useful, but I managed to get through it without too much hassle (or danger!).<\/p>\n<p>A few important things to note: Above Paleokato\u00fana mind that the track left at EG24 in <span style=\"white-space: nowrap;\">\/Out\/<\/span> is the same initial track as <span style=\"white-space: nowrap;\">\/Chilton\/<\/span> also follows away from the main road here in my walk 3 above.<\/p>\n<p>Waypoint EN7 in <span style=\"white-space: nowrap;\">\/Out\/<\/span> is actually the SECOND fork on this track, only a minute or so apart. This cost me lots of time for investigation.<\/p>\n<p>Descending towards the waterfalls (or rather the Plane caf\u00e9, several refreshments here included in the total walk time BTW) is NOT as described in the book. There is no safe way to climb down towards the right side of that new water reservoir when the blue dots end. Instead, BEFORE the blue dots end, you go ahead instead of continuing left inside the last S winding down, following remains of an old water channel. This way step almost into the river bed, but keep left continuing to follow a water pipe (and later more water tubes appear) on a narrow, faint path. Because of all the vegetation the path is slightly awkward but completely safe. The path goes to the right corner of the OLD water reservoir.<\/p>\n<hr style=\"font-family: Courier New Bold, Courier, monospace;\" \/>\n<p>\u2022\u00a0Good starting points: \u2022 Nidr\u00ed<\/p>\n<p>\u2022\u00a0How to get there: \u2022\u00a0By air \u2022\u00a0By ferry from some other Ionian islands \u2022\u00a0By ferry from the mainland<\/p>\n<p>\u2022\u00a0More info: \u2022\u00a0<a href=\"http:\/\/www.lefkas.net\/\">Lefkas.net<\/a> is THE Guide to LEFKAS<\/p>\n<\/div>\n<hr style=\"font-family: Courier New Bold, Courier, monospace;\" \/>\n<p style=\"font-family: Courier New Bold, Courier, monospace;\" align=\"left\"><span style=\"font-size: 24pt;\">T<\/span>his page was last modified at February 21, 2026.<\/p>\n<p style=\"font-family: Courier New Bold, Courier, monospace;\" align=\"left\">\u00a92011-2026 <script type=\"text\/javascript\" language=\"JavaScript\">\nvar name = \"harald.haugli\";\nvar s = name + \"@\" + \"islandwalking\" + \".\" + \"com\";\ndocument.write('<a href=\"'); document.write('ma'); document.write('il'); document.write('to:' + s + '\">');\ndocument.write('<i>Harald Haugli\\<\\\/i\\>\\<\\\/a\\>.');<\/script><\/p>\n","protected":false},"excerpt":{"rendered":"<p>\u039b\u03b5\u03c5\u03ba\u03ac\u03b4\u03b1 &#8211; Ionian Lefkada (aka Lefkas) is yet another fairly big Ionian island, and the resort area of Nidr\u00ed has access to many walks and are at least good for a week or so of walking holiday. Nidr\u00ed is also serious insect country which makes it less pleasant than it could have been, the setting &hellip; <a class=\"read-excerpt\" href=\"https:\/\/www.islandwalking.com\/wordpress\/greek-islands\/lefkada\/\">Continue reading <span class=\"meta-nav\">&raquo;<\/span><\/a><\/p>\n","protected":false},"author":1,"featured_media":1528,"parent":1068,"menu_order":0,"comment_status":"closed","ping_status":"closed","template":"","meta":{"footnotes":""},"class_list":["post-1526","page","type-page","status-publish","has-post-thumbnail","hentry"],"_links":{"self":[{"href":"https:\/\/www.islandwalking.com\/wordpress\/wp-json\/wp\/v2\/pages\/1526","targetHints":{"allow":["GET"]}}],"collection":[{"href":"https:\/\/www.islandwalking.com\/wordpress\/wp-json\/wp\/v2\/pages"}],"about":[{"href":"https:\/\/www.islandwalking.com\/wordpress\/wp-json\/wp\/v2\/types\/page"}],"author":[{"embeddable":true,"href":"https:\/\/www.islandwalking.com\/wordpress\/wp-json\/wp\/v2\/users\/1"}],"replies":[{"embeddable":true,"href":"https:\/\/www.islandwalking.com\/wordpress\/wp-json\/wp\/v2\/comments?post=1526"}],"version-history":[{"count":11,"href":"https:\/\/www.islandwalking.com\/wordpress\/wp-json\/wp\/v2\/pages\/1526\/revisions"}],"predecessor-version":[{"id":5745,"href":"https:\/\/www.islandwalking.com\/wordpress\/wp-json\/wp\/v2\/pages\/1526\/revisions\/5745"}],"up":[{"embeddable":true,"href":"https:\/\/www.islandwalking.com\/wordpress\/wp-json\/wp\/v2\/pages\/1068"}],"wp:featuredmedia":[{"embeddable":true,"href":"https:\/\/www.islandwalking.com\/wordpress\/wp-json\/wp\/v2\/media\/1528"}],"wp:attachment":[{"href":"https:\/\/www.islandwalking.com\/wordpress\/wp-json\/wp\/v2\/media?parent=1526"}],"curies":[{"name":"wp","href":"https:\/\/api.w.org\/{rel}","templated":true}]}}