{"id":1519,"date":"2012-02-28T19:57:39","date_gmt":"2012-02-28T18:57:39","guid":{"rendered":"http:\/\/www.islandwalking.com\/wordpress\/?page_id=1519"},"modified":"2026-02-19T17:26:02","modified_gmt":"2026-02-19T16:26:02","slug":"kefalonia","status":"publish","type":"page","link":"https:\/\/www.islandwalking.com\/wordpress\/greek-islands\/kefalonia\/","title":{"rendered":"Kefalonia"},"content":{"rendered":"<h1 style=\"text-align: center; font-family: Courier New Bold, Courier, monospace;\">\u039a\u03b5\u03c6\u03b1\u03bb\u03bf\u03bd\u03b9\u03ac &#8211; Ionian<\/h1>\n<div style=\"font-family: Courier New Bold, Courier, monospace;\">\n<p><span style=\"font-size: 24pt;\">K<\/span>efalonia is a big and very dramatic island. Communications are pretty bad and this in combination with the size of this island makes it a little bit hard to both get around and at the same time find time to do interesting walks. So not really my cup of tea. But still well worth a visit, and just enough bus routes etc to fill a week&#8217;s program.<\/p>\n<p>Dramatic landscapes or not, there is another thing that is my number one favorite &#8220;feature&#8221; of this island, and that is the excellent Robola grape. Sampling the delicate and insanely good white wines produced from this grape is a must. It is also possible to visit wineries for tasting.<\/p>\n<p>Best food I found in Argost\u00f3li: Restaurant Diana (vis-\u00e0-vis the Lixo\u00fari ferry). For other suggestions see my walks and the other (as far as I can tell) very good suggestions in <span style=\"white-space: nowrap;\">\/Anderson\/<\/span> (see below).<\/p>\n<p>Best caf\u00e9 on Plat\u00eda Valli\u00e1nou: Premi\u00e9re (using only very fresh ingredients).<\/p>\n<p><b>Selected walks:<\/b> For walks on the island, see &#8220;Walk &amp; Eat Kefalonia&#8221; by Brian and Eileen Anderson (referred to as <span style=\"white-space: nowrap;\">&#8220;\/Anderson\/&#8221;<\/span>). All the walks are mostly unproblematic strolls and I have little to add to the information you can find in the book. Just note that if you are a keen and fit walker you should only need about half the walking time indicated there. This is good to know when you contemplate the bus schedules on this island&#8230;<\/p>\n<p><span style=\"font-size: 24pt;\">\u20221\u00a0<\/span>ARGOST\u00d3LI TOWN WALK (my total time 1h09, includes time for photography; 62a 67d): This is Excursion 1 in <span style=\"white-space: nowrap;\">\/Anderson\/<\/span>. Can be extended with walk 2 (and 3) below.<\/p>\n<p><span style=\"font-size: 24pt;\">\u20222\u00a0<\/span>DR\u00c1PANO BRIDGE (around 0h30): See frame at page 35 in <span style=\"white-space: nowrap;\">\/Anderson\/<\/span>. A very short stroll that is an interesting addition to walk 1 above.<\/p>\n<p><span style=\"font-size: 24pt;\">\u20223\u00a0<\/span>THE KOUTAVOS LAGOON (my total time 1h07, includes time for photography and a short rest on one of the pleasant picnic tables; 35a 29d): This is the &#8220;Argost\u00f3li Lagoon&#8221; walk suggested in the update of <span style=\"white-space: nowrap;\">\/Anderson\/<\/span> found on their web site. Another possible addition to walk 1 (and 2) above.<\/p>\n<p><span style=\"font-size: 24pt;\">\u20224\u00a0<\/span>PICCOLO YIRO (my total time 4h03, includes time for photography, a swim, the necessary sightseeing and lunch; 252a 246d; net walking time 1h56): This is Walk 1 in <span style=\"white-space: nowrap;\">\/Anderson\/<\/span>. On your way out, by all means use the diversion (on a coastal path) suggested in the update of <span style=\"white-space: nowrap;\">\/Anderson\/ found on their web site<\/span>.<\/p>\n<p>Since I was staying in Argost\u00f3li, I cut the town part out of the walk and had lunch at St\u00f3 Psit\u00f3 on my way back instead. I did not regret this choice as it turned out to be a superb place!<\/p>\n<p>I extended the walk by walking to\/from L\u00e1ssi along the street (timing not included, it possibly took 15-20 minutes each way).<\/p>\n<p><span style=\"font-size: 24pt;\">\u20225\u00a0<\/span>S\u00c1MI (my total time 1h21, includes time for photography; 258a 255d; net walking time 1h05): This is Walk 7 in <span style=\"white-space: nowrap;\">\/Anderson\/<\/span>. A very nice short walk.<\/p>\n<p><span style=\"font-size: 24pt;\">\u20226\u00a0<\/span>OLD VALSAM\u00c1TA (my total time 2h16, includes time for photography and lunch; 154a 154d; net walking time 1h13): This is Walk 3 in <span style=\"white-space: nowrap;\">\/Anderson\/<\/span>. A fairly easy stroll.<\/p>\n<p>Had a pleasant lunch at Pl\u00e1tanos, including (obligatory!) Robola wine.<\/p>\n<p><span style=\"font-size: 24pt;\">\u20227\u00a0<\/span>LIXO\u00daRI (my total time 2h29, includes time for photography, a couple of swims and about an hour on the beach; 100a 104d; net walking time 1h16): This is Walk 2 in <span style=\"white-space: nowrap;\">\/Anderson\/<\/span>. An easy stroll along a country road.<\/p>\n<p>As far as I could tell the best sand was past the small monastery, so I extended the walk by maybe five minutes (each way) here.<\/p>\n<p><span style=\"font-size: 24pt;\">\u20228\u00a0<\/span>OLD SK\u00c1LA (my total time 2h23, includes time for photography and the necessary sightseeing; 345a 333d; net walking time 1h42): This is Walk 10 in <span style=\"white-space: nowrap;\">\/Anderson\/<\/span>. An easy walk.<\/p>\n<p>Some parts are however damaged by forest fire and hence now a bit overgrown. The book does not mention actually walking up to the church ruin and vantage point shown on the map, but be sure to include this in your walk (the view seen on the picture above).<\/p>\n<p>The beach in Sk\u00e1la is only wall-to-wall sun beds and umbrellas and hence completely uninteresting.<\/p>\n<hr style=\"font-family: Courier New Bold, Courier, monospace;\" \/>\n<p>\u2022\u00a0Good starting points: \u2022 Argost\u00f3li<\/p>\n<p>\u2022\u00a0How to get there: \u2022\u00a0By air \u2022\u00a0By ferry from some other Ionian islands \u2022\u00a0By ferry from the mainland<\/p>\n<p>\u2022 More info:\u00a0\u2022\u00a0<a href=\"http:\/\/www.fiscardo.com\/\">Fiscardo, Kefalonia, Greece<\/a><\/p>\n<\/div>\n<hr style=\"font-family: Courier New Bold, Courier, monospace;\" \/>\n<p style=\"font-family: Courier New Bold, Courier, monospace;\" align=\"left\"><span style=\"font-size: 24pt;\">T<\/span>his page was last modified at February 19, 2026.<\/p>\n<p style=\"font-family: Courier New Bold, Courier, monospace;\" align=\"left\">\u00a92010-2026 <script language=\"JavaScript\" type=\"text\/javascript\">\nvar name = \"harald.haugli\";\nvar s = name + \"@\" + \"islandwalking\" + \".\" + \"com\";\ndocument.write('<a href=\"'); document.write('ma'); document.write('il'); document.write('to:' + s + '\">');\ndocument.write('<i>Harald Haugli\\<\\\/i\\>\\<\\\/a\\>');\n<\/script>.<\/p>\n","protected":false},"excerpt":{"rendered":"<p>\u039a\u03b5\u03c6\u03b1\u03bb\u03bf\u03bd\u03b9\u03ac &#8211; Ionian Kefalonia is a big and very dramatic island. Communications are pretty bad and this in combination with the size of this island makes it a little bit hard to both get around and at the same time find time to do interesting walks. So not really my cup of tea. But still &hellip; <a class=\"read-excerpt\" href=\"https:\/\/www.islandwalking.com\/wordpress\/greek-islands\/kefalonia\/\">Continue reading <span class=\"meta-nav\">&raquo;<\/span><\/a><\/p>\n","protected":false},"author":1,"featured_media":1521,"parent":1068,"menu_order":0,"comment_status":"closed","ping_status":"closed","template":"","meta":{"footnotes":""},"class_list":["post-1519","page","type-page","status-publish","has-post-thumbnail","hentry"],"_links":{"self":[{"href":"https:\/\/www.islandwalking.com\/wordpress\/wp-json\/wp\/v2\/pages\/1519","targetHints":{"allow":["GET"]}}],"collection":[{"href":"https:\/\/www.islandwalking.com\/wordpress\/wp-json\/wp\/v2\/pages"}],"about":[{"href":"https:\/\/www.islandwalking.com\/wordpress\/wp-json\/wp\/v2\/types\/page"}],"author":[{"embeddable":true,"href":"https:\/\/www.islandwalking.com\/wordpress\/wp-json\/wp\/v2\/users\/1"}],"replies":[{"embeddable":true,"href":"https:\/\/www.islandwalking.com\/wordpress\/wp-json\/wp\/v2\/comments?post=1519"}],"version-history":[{"count":11,"href":"https:\/\/www.islandwalking.com\/wordpress\/wp-json\/wp\/v2\/pages\/1519\/revisions"}],"predecessor-version":[{"id":5741,"href":"https:\/\/www.islandwalking.com\/wordpress\/wp-json\/wp\/v2\/pages\/1519\/revisions\/5741"}],"up":[{"embeddable":true,"href":"https:\/\/www.islandwalking.com\/wordpress\/wp-json\/wp\/v2\/pages\/1068"}],"wp:featuredmedia":[{"embeddable":true,"href":"https:\/\/www.islandwalking.com\/wordpress\/wp-json\/wp\/v2\/media\/1521"}],"wp:attachment":[{"href":"https:\/\/www.islandwalking.com\/wordpress\/wp-json\/wp\/v2\/media?parent=1519"}],"curies":[{"name":"wp","href":"https:\/\/api.w.org\/{rel}","templated":true}]}}