{"id":1355,"date":"2012-02-24T21:15:22","date_gmt":"2012-02-24T20:15:22","guid":{"rendered":"http:\/\/www.islandwalking.com\/wordpress\/?page_id=1355"},"modified":"2026-02-19T15:41:21","modified_gmt":"2026-02-19T14:41:21","slug":"folegandros","status":"publish","type":"page","link":"https:\/\/www.islandwalking.com\/wordpress\/greek-islands\/folegandros\/","title":{"rendered":"Folegandros"},"content":{"rendered":"<h1 style=\"font-family: Courier New Bold, Courier, monospace;\" align=\"center\">\u03a6\u03bf\u03bb\u03ad\u03b3\u03b1\u03bd\u03b4\u03c1\u03bf\u03c2 &#8211; Cyclades<\/h1>\n<div style=\"font-family: Courier New Bold, Courier, monospace;\">\n<p><span style=\"font-size: 24pt;\">F<\/span>olegandros, with its very cultivated appearance, shaped by centuries of agriculture, is a really idyllic place and one of my favorite islands. The Ch\u00f3ra is small, relaxed and VERY beautiful, well hidden up in the hills. This may come as a surprise, as it cannot really be seen from the sea, except for some houses that threaten to spill over the sheer cliff edge! It has excellent views and a well preserved Kastro.<\/p>\n<p><span style=\"font-size: 24pt;\">I<\/span>t even has some very shady and attractive squares, just ideal for quiet relaxation and good eating. A beautiful church is sitting on the hillside close by.<\/p>\n<p><span style=\"font-size: 24pt;\">E<\/span>ven if this island is well outside the main tourist trails, it is not cheap (in any respect). The islanders refuse to sell their excellent island off short, and rightly so! By keeping Folegandros a well kept secret among an exclusive in-crowd they may manage to keep this place unspoilt and still make a living out of it. For once it seems that the tourist trade and the everyday genuine Greek life goes hand in hand. All this prettiness seems to appeal more to the jaded palate of the Italians and the French than the hordes from the North.<\/p>\n<p><span style=\"font-size: 24pt;\">B<\/span>ut under the apparent sophistication hides the beast of badly stored and oxidized wine. No wonder when bottles are stored on the upper shelf standing in more than 30 degrees heat for weeks (months?). When you find a taverna or restaurant with a good selection of fresh wine, stay! You have been warned.<\/p>\n<p><span style=\"font-size: 24pt;\">T<\/span>he island is great for walking, as many footpaths and kalder\u00edmis not only have survived but are still in daily use. Yes, donkey transport is still widely used on Folegandros, due to, at least up till now, lack of roads.<\/p>\n<p><b>Selected walks:<\/b> Possible walks on this island are described in &#8220;Trekking in Greece&#8221; by Marc Dubin and &#8220;Walking the Aegean Islands&#8221; by Dieter Graf (Referred to as <span style=\"white-space: nowrap;\">&#8220;\/Graf\/&#8221;<\/span>). Also check out &#8220;Santorini, Sifnos and the Western &amp; Southern Cyclades&#8221; by Dieter Graf, which should be more up-to-date. On the web visit <a href=\"http:\/\/www.cycladen.be\/FolegandrosEng.htm\">Walking, hiking and trekking on FOLEGANDROS<\/a> by Raymond Verdoolaege (\/RV\/). A good Road Editions 1:30000 map exists (see picture above left). Major footpaths are clearly marked on the map, with the unique feature of distances in km and walking time. I think the cheaper map sold locally is more complete wrt. paths though, if not necessarily as accurate (above right). See also the handwritten walking map depicted above.<\/p>\n<p><span style=\"font-size: 24pt;\">\u20221 <\/span>CH\u00d3RA &#8211; FYR\u00c1 &#8211; ANG\u00c1LI &#8211; AG. NIK\u00d3LAOS &#8211; P\u00c1NO MERI\u00c1 (my total time 3h03, includes stops for photography and drinking, as well as a dip in the ocean; +497m -456m, 1 lap): This was intended as walk 10 in <span style=\"white-space: nowrap;\">\/Graf\/<\/span>. A similar walk can be found in the page\u00a0<a href=\"http:\/\/www.cycladen.be\/FolegandrosEng.htm\">Walking, hiking and trekking on FOLEGANDROS<\/a> by Raymond Verdoolaege, and this describes more accurately the route I ended up with. Because just after Ag. Nik\u00f3laos I could no longer find my way as described in <span style=\"white-space: nowrap;\">\/Graf\/<\/span>. The only visible continuation is the one used by \/RV\/. But both are actually shown on the local map. I had no big problems finding a useful route just using the map, but the trail is overgrown and it is not easy to figure out what is a good way out of the valley and what is not. But you will no doubt be able, after carefully scaling the first hillside, to connect with good paths on the other side. The rest again is well described in \/RV\/.<\/p>\n<p><span style=\"font-size: 24pt;\">\u20222\u00a0<\/span>P\u00c1NO MERI\u00c1 &#8211; SERFI\u00d3TIKO &#8211; P\u00c1NO MERI\u00c1 &#8211; AG. GE\u00d3RGIOS &#8211; P\u00c1NO MERI\u00c1 (my total time 3h54, includes stops for photography and drinking, as well as several swims in the ocean; +638m -621m, 2 laps): Detailed instructions can be found on the page <a href=\"http:\/\/www.cycladen.be\/FolegandrosEng.htm\">Walking, hiking and trekking on FOLEGANDROS<\/a> by Raymond Verdoolaege. You should have little problems following the at all times fairly obvious trail. At the end of the walk, by the bus stop at Merov\u00edgli, the end of the bus line, we find the pleasant taverna &#8220;Sunset&#8221;.<\/p>\n<p><span style=\"font-size: 24pt;\">\u20223\u00a0<\/span>CH\u00d3RA &#8211; LIV\u00c1DI &#8211;\u00a0KARAVOST\u00c1SIS (my total time 2h22, includes stops for photography and drinking, as well as swimming in the ocean; +136m -337m, 1 lap): This is walk 11 in <span style=\"white-space: nowrap;\">\/Graf\/<\/span>. A similar walk can be found on the page <a href=\"http:\/\/www.cycladen.be\/FolegandrosEng.htm\">Walking, hiking and trekking on FOLEGANDROS<\/a> by Raymond Verdoolaege. Also here the trail is fairly obvious and should not constitute a problem.<\/p>\n<p><span style=\"font-size: 24pt;\">\u20224\u00a0<\/span>CH\u00d3RA &#8211; PANAG\u00cdA &#8211;\u00a0CH\u00d3RA (my total time 0h35, includes time for photography; +-97m, 1 lap): The stroll up to the church above town is a perfect morning or evening stroll, and will feel surprisingly short once you have done it. Great views!<\/p>\n<hr style=\"font-family: Courier New Bold, Courier, monospace;\" \/>\n<p>\u2022\u00a0Good starting points:\u00a0\u2022 Karavost\u00e1sis &#8211; a fairly frequent bus to\/from Ch\u00f3ra (and it is supposed to meet all ferries)\u00a0\u2022 Ch\u00f3ra &#8211; most walks start from here<\/p>\n<p>\u2022\u00a0How to get there:\u00a0\u2022 By ferry from other islands in the Cyclades West\u00a0\u2022 By ferry from some islands in the Cyclades Central\u00a0\u2022 By ferry from the mainland<\/p>\n<p>\u2022\u00a0More info:\u00a0\u2022 <a href=\"http:\/\/www.cycladen.be\/FolegandrosEng.htm\">Walking, hiking and trekking on FOLEGANDROS<\/a> by Raymond Verdoolaege<\/p>\n<\/div>\n<hr style=\"font-family: Courier New Bold, Courier, monospace;\" \/>\n<p style=\"font-family: Courier New Bold, Courier, monospace;\" align=\"left\"><span style=\"font-size: 24pt;\">T<\/span>his page was last modified at February 19, 2026.<\/p>\n<p style=\"font-family: Courier New Bold, Courier, monospace;\" align=\"left\">\u00a91997-2026 <script language=\"JavaScript\" type=\"text\/javascript\">\nvar name = \"harald.haugli\";\nvar s = name + \"@\" + \"islandwalking\" + \".\" + \"com\";\ndocument.write('<a href=\"'); document.write('ma'); document.write('il'); document.write('to:' + s + '\">');\ndocument.write('<i>Harald Haugli\\<\\\/i\\>\\<\\\/a\\>');\n<\/script>.<\/p>\n","protected":false},"excerpt":{"rendered":"<p>\u03a6\u03bf\u03bb\u03ad\u03b3\u03b1\u03bd\u03b4\u03c1\u03bf\u03c2 &#8211; Cyclades Folegandros, with its very cultivated appearance, shaped by centuries of agriculture, is a really idyllic place and one of my favorite islands. The Ch\u00f3ra is small, relaxed and VERY beautiful, well hidden up in the hills. This may come as a surprise, as it cannot really be seen from the sea, except &hellip; <a class=\"read-excerpt\" href=\"https:\/\/www.islandwalking.com\/wordpress\/greek-islands\/folegandros\/\">Continue reading <span class=\"meta-nav\">&raquo;<\/span><\/a><\/p>\n","protected":false},"author":1,"featured_media":1357,"parent":1068,"menu_order":0,"comment_status":"closed","ping_status":"closed","template":"","meta":{"footnotes":""},"class_list":["post-1355","page","type-page","status-publish","has-post-thumbnail","hentry"],"_links":{"self":[{"href":"https:\/\/www.islandwalking.com\/wordpress\/wp-json\/wp\/v2\/pages\/1355","targetHints":{"allow":["GET"]}}],"collection":[{"href":"https:\/\/www.islandwalking.com\/wordpress\/wp-json\/wp\/v2\/pages"}],"about":[{"href":"https:\/\/www.islandwalking.com\/wordpress\/wp-json\/wp\/v2\/types\/page"}],"author":[{"embeddable":true,"href":"https:\/\/www.islandwalking.com\/wordpress\/wp-json\/wp\/v2\/users\/1"}],"replies":[{"embeddable":true,"href":"https:\/\/www.islandwalking.com\/wordpress\/wp-json\/wp\/v2\/comments?post=1355"}],"version-history":[{"count":9,"href":"https:\/\/www.islandwalking.com\/wordpress\/wp-json\/wp\/v2\/pages\/1355\/revisions"}],"predecessor-version":[{"id":5720,"href":"https:\/\/www.islandwalking.com\/wordpress\/wp-json\/wp\/v2\/pages\/1355\/revisions\/5720"}],"up":[{"embeddable":true,"href":"https:\/\/www.islandwalking.com\/wordpress\/wp-json\/wp\/v2\/pages\/1068"}],"wp:featuredmedia":[{"embeddable":true,"href":"https:\/\/www.islandwalking.com\/wordpress\/wp-json\/wp\/v2\/media\/1357"}],"wp:attachment":[{"href":"https:\/\/www.islandwalking.com\/wordpress\/wp-json\/wp\/v2\/media?parent=1355"}],"curies":[{"name":"wp","href":"https:\/\/api.w.org\/{rel}","templated":true}]}}