{"id":1348,"date":"2012-02-23T19:40:58","date_gmt":"2012-02-23T18:40:58","guid":{"rendered":"http:\/\/www.islandwalking.com\/wordpress\/?page_id=1348"},"modified":"2026-02-27T06:10:39","modified_gmt":"2026-02-27T05:10:39","slug":"milos","status":"publish","type":"page","link":"https:\/\/www.islandwalking.com\/wordpress\/greek-islands\/milos\/","title":{"rendered":"Milos"},"content":{"rendered":"<h1 style=\"font-family: Courier New Bold, Courier, monospace;\" align=\"center\">\u039c\u03ae\u03bb\u03bf\u03c2 &#8211; Cyclades<\/h1>\n<div style=\"font-family: Courier New Bold, Courier, monospace;\">\n<p><span style=\"font-size: 24pt;\">M<\/span>ilos is a really terrific island. Its volcanic landscapes are varied and beautiful in its very own way. However,\u00a0scarred by mining, as the islanders are selling off their island by the truckload. It also has a really incredible coastline in places.<\/p>\n<p><span style=\"font-size: 24pt;\">E<\/span>xcept for the port of\u00a0Ad\u00e1mas, Milos is a fairly quiet island, but it is definitively alive. The waterfront of the former noisy, dusty and sunbaked Ad\u00e1mas has been totally reworked and today stands out in its glorious new appearance. It is also excellent for sampling some sea food. You must for instance taste the local sardines (&#8220;Gavros&#8221;). Be aware that the overly popular tavernas at the waterfront can have horrible service. They just cannot cope with the crowds. Much more pleasant are the tavernas a couple of hundred meters east along the coast road, try for instance the restaurant &#8220;O ZABBAS&#8221;.<\/p>\n<p><span style=\"font-size: 24pt;\">M<\/span>any hotels in the port are located along the noisy Pl\u00e1ka road. For a quiet location, instead go left from the harbour to a hotel backed beach. Hotel Delfini for instance is old-fashioned and cosy.<\/p>\n<p><span style=\"font-size: 24pt;\">F<\/span>or walking Milos is also very interesting. Both great landscapes and things of historical interest to see all over the place.<a href=\"http:\/\/www.anavasi.gr\/product.php?lang=en&amp;id=343\"><img decoding=\"async\" style=\"border: 0px solid;\" src=\"https:\/\/www.islandwalking.com\/milos_2017-1495013557s.jpg\" alt=\"\" border=\"0\" \/><\/a><\/p>\n<p><b>Selected walks:<\/b> For walks on Milos take a look in &#8220;Walking the Aegean Islands&#8221; by Dieter Graf (referred to below as &#8220;\/Graf\/&#8221;) or his newer &#8220;Santorini, Sifnos and the Western &amp; Southern Cyclades&#8221;, which should be more up-to-date. On the web visit\u00a0<a href=\"http:\/\/www.cycladen.be\/MilosEng.htm\">Walking, hiking and trekking on MILOS<\/a> by Raymond Verdoolaege (\/RV\/). You should definitely go for a better map than what the guide books have to offer, and the Anavasi (1:32000) map is just that. Warmly recommended.<\/p>\n<p><span style=\"font-size: 24pt;\">\u20221\u00a0<\/span>AD\u00c1MAS &#8211; KL\u00cdMA &#8211; TRIPIT\u00cd (my total time 3h11, includes stops for photography and drinking, the catacombs were closed for repairs at my visit; +415m -284m, 1 lap): This is walk 17 in \/Graf\/.\u00a0A similar walk can be found as walk 1 in the page\u00a0<a href=\"http:\/\/www.cycladen.be\/MilosEng.htm\">Walking, hiking and trekking on MILOS<\/a> by Raymond Verdoolaege. I think the route followed in \/Graf\/ is more interesting, as well as more challenging.<\/p>\n<p>Follow the text carefully and you should be able to find your way. Mind also the comments by \/RV\/. This walk in its entirety may not be for everyone, but the\u00a0decent to Kl\u00edma is now waymarked and I found it quite OK, just be careful.<\/p>\n<p>Reading the text in \/Graf\/ you get the impression that the path goes down to the left of the hotel Panorama. Quite to the contrary. But once you are down you should go between the hotel and the cliff edge (I missed this).<\/p>\n<p>That the catacombs were closed (entrance closed off even) presented a small problem at my visit and some slight trespassing was needed. You might consider the route followed in \/RV\/ instead at this point.<\/p>\n<p><span style=\"font-size: 24pt;\">\u20222\u00a0<\/span>PL\u00c1KA &#8211; KASTRO (my total time 0h13; +99m -9m, 0 laps): The stroll up to the Kastro e.g from the Archaeological Museum is surprisingly short. Follow signs. What a view!<\/p>\n<p><span style=\"font-size: 24pt;\">\u20223\u00a0<\/span>PL\u00c1KA &#8211;\u00a0TRIPIT\u00cd &#8211;\u00a0AD\u00c1MAS (my total time 1h11, includes stops for photography and sightseeing; +71m -216m, 1 lap): You can stroll from Pl\u00e1ka to Ad\u00e1mas on a\u00a0mostly dusty track (used partly by walk 1 above, and even more of it by walk 5 below). Go via the windmilled ridge of Tripit\u00ed were a short path will connect you to the lower Tripit\u00ed. Then follow road sign towards Klimavo\u00fani, but turn left on thenice flagstone road (picture above) just before this village. After that it is the dusty track and you follow this all the rest of the way.<\/p>\n<p><span style=\"font-size: 24pt;\">\u20224\u00a0<\/span>AD\u00c1MAS &#8211; SARAK\u00cdNIKO &#8211; AG. KONSTANTINOS &#8211; FYLAKOPI (my total time 3h31, includes stops for photography, drinking and a couple of dips in the ocean; +-242m, 1 lap):\u00a0This is walk 16 in \/Graf\/.\u00a0A similar walk can be found as walk 1 by TEUN DE LAAT in the page\u00a0<a href=\"http:\/\/www.cycladen.be\/MilosEng.htm\">Walking, hiking and trekking on MILOS<\/a> by Raymond Verdoolaege. Missing my bus I did the walk in reverse. One must obviously be aware that the Poll\u00f3nia bus actually does NOT go via the harbour bus stop, even if the timetable here says otherwise. This is Greece remember.<\/p>\n<p>The best way out of the port is to follow the main bay side road a very short stretch to a small bridge. On both sides of this bridge walkways goes left. On the far side the walkway leads into an asphalt street. Take the walkway on your side that leads into an older concrete road that runs in parallel with the newer street, between trees. The concrete road get dustier and dustier until it turns into a sunken dirt track. Follow this to a messy T-junction were you go right on another dusty road. Soon you pass a strange (almost &#8220;sunken&#8221; too) farm down on your right. When you get to an asphalt road turn left, then right again at the next crossroads (right, then left will actually lead you to the same place I believe). Where a track goes left before a fence at some houses with flowery gardens use that to partly scale the ridge (or use the traces of path found on the other side of the fence), then just continue without a (good) path to connect with a grassy track that goes directly to the turn-off for Sarak\u00edniko on the main road. This turns the 70m you have to walk on the main road according to \/Graf\/ into 0m!<\/p>\n<p>Reversing the route by the coast is not a big problem since the idea is to follow the coastline as much as possible, and any instructions are really redundant. I am not saying that it is always extremely easy though. Try to follow the trodden path and you should find a good route through.<\/p>\n<p><span style=\"font-size: 24pt;\">\u20225\u00a0<\/span>AD\u00c1MAS &#8211; PL\u00c1KA &#8211;\u00a0PL\u00c1THIENAS (my total time 1h52, includes stops for photography and drinking; +-347m, 2 laps): This is part of walk 1 in the page\u00a0<a href=\"http:\/\/www.cycladen.be\/MilosEng.htm\">Walking, hiking and trekking on MILOS<\/a> by Raymond Verdoolaege followed by part of walk 2, connecting via\u00a0Klimavo\u00fani and Tripit\u00ed. Just after passing\u00a0Klimavo\u00fani do not turn right at the next crossroads, this will lead you to the route over the windmilled ridge used in walk 3 above. Instead follow at first the road sign in direction of Kl\u00edma (left), but then immediately right again to go via the church of Tripit\u00ed, the ending point of walk 1 above. Then reverse the route from that walk (towards the catacombs). Near the amphitheater you can continue on the very nice walk 2 of \/RV\/.<\/p>\n<p><span style=\"font-size: 24pt;\">\u20226\u00a0<\/span>PL\u00c1KA &#8211; (ARET\u00cd) &#8211;\u00a0PL\u00c1KA (my total time 0h18, includes stops for photography; +-83m, 0 laps): Mentioned in walk 2 in the page\u00a0<a href=\"http:\/\/www.cycladen.be\/MilosEng.htm\">Walking, hiking and trekking on MILOS<\/a> by Raymond Verdoolaege, this diversion is nice for admiring interesting flowers etc. The first overgrown stretch can be bypassed on the field to the left. But eventually the way becomes too overgrown to continue. Time is measured from the &#8220;road&#8221; sign to Aret\u00ed below Pl\u00e1ka.<\/p>\n<p><span style=\"font-size: 24pt;\">\u20227\u00a0<\/span>AD\u00c1MAS &#8211; SARAK\u00cdNIKO &#8211; MANDR\u00c1KIA &#8211; TRIOV\u00c1SALOS (my total time 1h59, includes\u00a0stops for photography and drinking; +235m -135m, 1 lap):\u00a0This is the suggested extension to walk 16 in \/Graf\/ made into a separate walk. Taking in more of the strange Sarak\u00edniko coastline has my warmest recommendations. You should not need that much sense of orientation to be able to find your way. And use my instructions for walk 4 above to find the way from the port to the turn-off for Sarak\u00edniko on the main road. In Triov\u00e1salos you can end the walk at the bus stop for the frequent Pl\u00e1ka &#8211; Ad\u00e1mas bus.<\/p>\n<hr style=\"font-family: Courier New Bold, Courier, monospace;\" \/>\n<p>\u2022\u00a0Good starting points:\u00a0\u2022\u00a0Ad\u00e1mas &#8211; Frequent bus to Pl\u00e1ka, some buses elsewhere \u2022\u00a0Pl\u00e1ka &#8211; Frequent bus to\u00a0Ad\u00e1mas, and buses elsewhere may also start in this area<\/p>\n<p>\u2022\u00a0How to get there:\u00a0\u2022\u00a0By ferry from other islands in the Cyclades West\u00a0\u2022\u00a0By ferry from some islands in the Cyclades Central\u00a0\u2022\u00a0By ferry and by\u00a0speedboat from the mainland \u2022 By\u00a0speedboat from some Cycladic islands<\/p>\n<p>\u2022\u00a0More info:\u00a0\u2022\u00a0<a href=\"http:\/\/www.cycladen.be\/MilosEng.htm\">Walking, hiking and trekking on MILOS<\/a> by Raymond Verdoolaege<\/p>\n<\/div>\n<hr style=\"font-family: Courier New Bold, Courier, monospace;\" \/>\n<p style=\"font-family: Courier New Bold, Courier, monospace;\" align=\"left\"><span style=\"font-size: 24pt;\">T<\/span>his page was last modified at February 27, 2026.<\/p>\n<p style=\"font-family: Courier New Bold, Courier, monospace;\" align=\"left\">\u00a91997-2026 <script language=\"JavaScript\" type=\"text\/javascript\">\nvar name = \"harald.haugli\";\nvar s = name + \"@\" + \"islandwalking\" + \".\" + \"com\";\ndocument.write('<a href=\"'); document.write('ma'); document.write('il'); document.write('to:' + s + '\">');\ndocument.write('<i>Harald Haugli\\<\\\/i\\>\\<\\\/a\\>');\n<\/script>.<\/p>\n","protected":false},"excerpt":{"rendered":"<p>\u039c\u03ae\u03bb\u03bf\u03c2 &#8211; Cyclades Milos is a really terrific island. Its volcanic landscapes are varied and beautiful in its very own way. However,\u00a0scarred by mining, as the islanders are selling off their island by the truckload. It also has a really incredible coastline in places. Except for the port of\u00a0Ad\u00e1mas, Milos is a fairly quiet island, &hellip; <a class=\"read-excerpt\" href=\"https:\/\/www.islandwalking.com\/wordpress\/greek-islands\/milos\/\">Continue reading <span class=\"meta-nav\">&raquo;<\/span><\/a><\/p>\n","protected":false},"author":1,"featured_media":1365,"parent":1068,"menu_order":0,"comment_status":"closed","ping_status":"closed","template":"","meta":{"footnotes":""},"class_list":["post-1348","page","type-page","status-publish","has-post-thumbnail","hentry"],"_links":{"self":[{"href":"https:\/\/www.islandwalking.com\/wordpress\/wp-json\/wp\/v2\/pages\/1348","targetHints":{"allow":["GET"]}}],"collection":[{"href":"https:\/\/www.islandwalking.com\/wordpress\/wp-json\/wp\/v2\/pages"}],"about":[{"href":"https:\/\/www.islandwalking.com\/wordpress\/wp-json\/wp\/v2\/types\/page"}],"author":[{"embeddable":true,"href":"https:\/\/www.islandwalking.com\/wordpress\/wp-json\/wp\/v2\/users\/1"}],"replies":[{"embeddable":true,"href":"https:\/\/www.islandwalking.com\/wordpress\/wp-json\/wp\/v2\/comments?post=1348"}],"version-history":[{"count":14,"href":"https:\/\/www.islandwalking.com\/wordpress\/wp-json\/wp\/v2\/pages\/1348\/revisions"}],"predecessor-version":[{"id":5758,"href":"https:\/\/www.islandwalking.com\/wordpress\/wp-json\/wp\/v2\/pages\/1348\/revisions\/5758"}],"up":[{"embeddable":true,"href":"https:\/\/www.islandwalking.com\/wordpress\/wp-json\/wp\/v2\/pages\/1068"}],"wp:featuredmedia":[{"embeddable":true,"href":"https:\/\/www.islandwalking.com\/wordpress\/wp-json\/wp\/v2\/media\/1365"}],"wp:attachment":[{"href":"https:\/\/www.islandwalking.com\/wordpress\/wp-json\/wp\/v2\/media?parent=1348"}],"curies":[{"name":"wp","href":"https:\/\/api.w.org\/{rel}","templated":true}]}}